{"id":27,"date":"2019-04-03T22:09:14","date_gmt":"2019-04-03T20:09:14","guid":{"rendered":"https:\/\/lossokeita.com\/?page_id=27"},"modified":"2019-07-21T11:55:34","modified_gmt":"2019-07-21T09:55:34","slug":"biographie","status":"publish","type":"page","link":"https:\/\/lossokeita.com\/index.php\/biographie\/","title":{"rendered":"Biographie"},"content":{"rendered":"<p>Une voix extraordinaire. La fine sensibilit\u00e9 d&rsquo;un artiste qui s&rsquo;offre sans fard, entier. Sur sc\u00e8ne, il donne tout. Il se pr\u00e9sente avec souplesse et nous surprend par sa force brute.<\/p>\n<p>Tel le cam\u00e9l\u00e9on, il s&rsquo;int\u00e8gre remarquablement dans diff\u00e9rents univers musicaux, changeant de couleur mais conservant son identit\u00e9 et apportant sa touche de magie.<\/p>\n<p>Soleil rayonnant, il nous \u00e9claire de sa pleine pr\u00e9sence et de son sourire et sait communiquer au public une belle \u00e9nergie, douce et puissante, pleine d&rsquo;espoir et de gu\u00e9rison pour l&rsquo;\u00e2me.<\/p>\n<p>Car sa musique est remplie de ce qu&rsquo;il est, de ce qu&rsquo;il a travers\u00e9.<\/p>\n<p>De son enfance au Burkina Faso dans une famille d&rsquo;artistes, musiciens porteurs de l&rsquo;histoire et la tradition Bwaba, il garde des racines solides et un sens de la musique sacr\u00e9.<\/p>\n<p>Son passage au Ghana, lui donne le go\u00fbt de l&rsquo;aventure et le propulse en Guyane.<\/p>\n<p>Loin de l&rsquo;Afrique, il puise dans les profondeurs de son \u00eatre les ressources pour faire jaillir sa rage de vivre. Dans la for\u00eat \u00e9quatoriale, le Jaguar lui souffle qu&rsquo;ils sont proches. Leur rugissement s&rsquo;entendra dans l&rsquo;album qui nait \u00e0 cette p\u00e9riode \u00ab\u00a0Tama\u00a0\u00bb.<\/p>\n<p>Le voyage, se poursuit et Losso Ke\u00efta s&rsquo;installe en France. Ce pays qu&rsquo;il a d\u00e9j\u00e0 sillonn\u00e9 lors des tourn\u00e9es avec ses fr\u00e8res, Ibrahim Ke\u00efta et les Nankama.\u00a0 L&rsquo;album \u00ab\u00a0Tama\u00a0\u00bb se mat\u00e9rialise, direction le Burkina Faso pour la sortie de cet opus fid\u00e8le aux racines.<\/p>\n<p>L&rsquo;artiste en perp\u00e9tuelle cr\u00e9ation fonde le groupe Yel\u00e9 avec lequel il tourne en Europe et en Asie.<\/p>\n<p>M\u00eame en France, le lien avec le Burkina Faso reste fort, outre les s\u00e9jours au pays o\u00f9 on le retrouve r\u00e9guli\u00e8rement sur sc\u00e8ne, il se retrouve quand il est int\u00e9gr\u00e9 au groupe Kanazo\u00e9 Orkestra, m\u00e9tissage musical initi\u00e9 par son compatriote Seydou Diabat\u00e9.<\/p>\n","protected":false},"excerpt":{"rendered":"<p>Une voix extraordinaire. La fine sensibilit\u00e9 d&rsquo;un artiste qui s&rsquo;offre sans fard, entier. Sur sc\u00e8ne, il donne tout. Il se pr\u00e9sente avec souplesse et nous surprend par sa force brute. Tel le cam\u00e9l\u00e9on, il s&rsquo;int\u00e8gre remarquablement dans diff\u00e9rents univers musicaux, changeant de couleur mais conservant son identit\u00e9 et apportant sa touche de magie. Soleil rayonnant, &hellip; <\/p>\n<p class=\"link-more\"><a href=\"https:\/\/lossokeita.com\/index.php\/biographie\/\" class=\"more-link\">Continuer la lecture<span class=\"screen-reader-text\"> de &laquo;&nbsp;Biographie&nbsp;&raquo;<\/span><\/a><\/p>\n","protected":false},"author":1,"featured_media":0,"parent":0,"menu_order":0,"comment_status":"closed","ping_status":"closed","template":"","meta":{"_mi_skip_tracking":false,"_monsterinsights_skip_tracking":false,"_monsterinsights_sitenote_active":false,"_monsterinsights_sitenote_note":"","_monsterinsights_sitenote_category":0,"jetpack_post_was_ever_published":false},"yoast_head":"<!-- This site is optimized with the Yoast SEO plugin v21.1 - https:\/\/yoast.com\/wordpress\/plugins\/seo\/ -->\n<title>Biographie &#8902; Losso Keita<\/title>\n<meta name=\"robots\" content=\"index, follow, max-snippet:-1, max-image-preview:large, max-video-preview:-1\" \/>\n<link rel=\"canonical\" href=\"https:\/\/lossokeita.com\/index.php\/biographie\/\" \/>\n<meta property=\"og:locale\" content=\"fr_FR\" \/>\n<meta property=\"og:type\" content=\"article\" \/>\n<meta property=\"og:title\" content=\"Biographie &#8902; Losso Keita\" \/>\n<meta property=\"og:description\" content=\"Une voix extraordinaire. La fine sensibilit\u00e9 d&rsquo;un artiste qui s&rsquo;offre sans fard, entier. Sur sc\u00e8ne, il donne tout. Il se pr\u00e9sente avec souplesse et nous surprend par sa force brute. Tel le cam\u00e9l\u00e9on, il s&rsquo;int\u00e8gre remarquablement dans diff\u00e9rents univers musicaux, changeant de couleur mais conservant son identit\u00e9 et apportant sa touche de magie. Soleil rayonnant, &hellip; Continuer la lecture de &laquo;&nbsp;Biographie&nbsp;&raquo;\" \/>\n<meta property=\"og:url\" content=\"https:\/\/lossokeita.com\/index.php\/biographie\/\" \/>\n<meta property=\"og:site_name\" content=\"Losso Keita\" \/>\n<meta property=\"article:publisher\" content=\"https:\/\/www.facebook.com\/Losso-Ke%c3%afta-2063357723746676\/?modal=admin_todo_tour\" \/>\n<meta property=\"article:modified_time\" content=\"2019-07-21T09:55:34+00:00\" \/>\n<meta property=\"og:image\" content=\"https:\/\/i0.wp.com\/lossokeita.com\/wp-content\/uploads\/2019\/03\/tama-3-e1578837746337.jpg?fit=480%2C478&ssl=1\" \/>\n\t<meta property=\"og:image:width\" content=\"480\" \/>\n\t<meta property=\"og:image:height\" content=\"478\" \/>\n\t<meta property=\"og:image:type\" content=\"image\/jpeg\" \/>\n<meta name=\"twitter:card\" content=\"summary_large_image\" \/>\n<meta name=\"twitter:label1\" content=\"Dur\u00e9e de lecture estim\u00e9e\" \/>\n\t<meta name=\"twitter:data1\" content=\"2 minutes\" \/>\n<script type=\"application\/ld+json\" class=\"yoast-schema-graph\">{\"@context\":\"https:\/\/schema.org\",\"@graph\":[{\"@type\":\"WebPage\",\"@id\":\"https:\/\/lossokeita.com\/index.php\/biographie\/\",\"url\":\"https:\/\/lossokeita.com\/index.php\/biographie\/\",\"name\":\"Biographie &#8902; Losso Keita\",\"isPartOf\":{\"@id\":\"https:\/\/lossokeita.com\/#website\"},\"datePublished\":\"2019-04-03T20:09:14+00:00\",\"dateModified\":\"2019-07-21T09:55:34+00:00\",\"breadcrumb\":{\"@id\":\"https:\/\/lossokeita.com\/index.php\/biographie\/#breadcrumb\"},\"inLanguage\":\"fr-FR\",\"potentialAction\":[{\"@type\":\"ReadAction\",\"target\":[\"https:\/\/lossokeita.com\/index.php\/biographie\/\"]}]},{\"@type\":\"BreadcrumbList\",\"@id\":\"https:\/\/lossokeita.com\/index.php\/biographie\/#breadcrumb\",\"itemListElement\":[{\"@type\":\"ListItem\",\"position\":1,\"name\":\"Accueil\",\"item\":\"https:\/\/lossokeita.com\/\"},{\"@type\":\"ListItem\",\"position\":2,\"name\":\"Biographie\"}]},{\"@type\":\"WebSite\",\"@id\":\"https:\/\/lossokeita.com\/#website\",\"url\":\"https:\/\/lossokeita.com\/\",\"name\":\"lossokeita.com\",\"description\":\"Voix d&#039;or du Burkina Faso\",\"publisher\":{\"@id\":\"https:\/\/lossokeita.com\/#organization\"},\"potentialAction\":[{\"@type\":\"SearchAction\",\"target\":{\"@type\":\"EntryPoint\",\"urlTemplate\":\"https:\/\/lossokeita.com\/?s={search_term_string}\"},\"query-input\":\"required name=search_term_string\"}],\"inLanguage\":\"fr-FR\"},{\"@type\":\"Organization\",\"@id\":\"https:\/\/lossokeita.com\/#organization\",\"name\":\"Losso Keita\",\"url\":\"https:\/\/lossokeita.com\/\",\"logo\":{\"@type\":\"ImageObject\",\"inLanguage\":\"fr-FR\",\"@id\":\"https:\/\/lossokeita.com\/#\/schema\/logo\/image\/\",\"url\":\"https:\/\/i0.wp.com\/lossokeita.com\/wp-content\/uploads\/2019\/03\/tama-3-e1578837746337.jpg?fit=480%2C478&ssl=1\",\"contentUrl\":\"https:\/\/i0.wp.com\/lossokeita.com\/wp-content\/uploads\/2019\/03\/tama-3-e1578837746337.jpg?fit=480%2C478&ssl=1\",\"width\":480,\"height\":478,\"caption\":\"Losso Keita\"},\"image\":{\"@id\":\"https:\/\/lossokeita.com\/#\/schema\/logo\/image\/\"},\"sameAs\":[\"https:\/\/www.facebook.com\/Losso-Ke\u00efta-2063357723746676\/?modal=admin_todo_tour\",\"https:\/\/www.youtube.com\/channel\/UC0yBfrazicGEkXHFdA1ktLQ?view_as=subscriber\"]}]}<\/script>\n<!-- \/ Yoast SEO plugin. -->","yoast_head_json":{"title":"Biographie &#8902; Losso Keita","robots":{"index":"index","follow":"follow","max-snippet":"max-snippet:-1","max-image-preview":"max-image-preview:large","max-video-preview":"max-video-preview:-1"},"canonical":"https:\/\/lossokeita.com\/index.php\/biographie\/","og_locale":"fr_FR","og_type":"article","og_title":"Biographie &#8902; Losso Keita","og_description":"Une voix extraordinaire. La fine sensibilit\u00e9 d&rsquo;un artiste qui s&rsquo;offre sans fard, entier. Sur sc\u00e8ne, il donne tout. Il se pr\u00e9sente avec souplesse et nous surprend par sa force brute. Tel le cam\u00e9l\u00e9on, il s&rsquo;int\u00e8gre remarquablement dans diff\u00e9rents univers musicaux, changeant de couleur mais conservant son identit\u00e9 et apportant sa touche de magie. Soleil rayonnant, &hellip; Continuer la lecture de &laquo;&nbsp;Biographie&nbsp;&raquo;","og_url":"https:\/\/lossokeita.com\/index.php\/biographie\/","og_site_name":"Losso Keita","article_publisher":"https:\/\/www.facebook.com\/Losso-Ke%c3%afta-2063357723746676\/?modal=admin_todo_tour","article_modified_time":"2019-07-21T09:55:34+00:00","og_image":[{"width":480,"height":478,"url":"https:\/\/i0.wp.com\/lossokeita.com\/wp-content\/uploads\/2019\/03\/tama-3-e1578837746337.jpg?fit=480%2C478&ssl=1","type":"image\/jpeg"}],"twitter_card":"summary_large_image","twitter_misc":{"Dur\u00e9e de lecture estim\u00e9e":"2 minutes"},"schema":{"@context":"https:\/\/schema.org","@graph":[{"@type":"WebPage","@id":"https:\/\/lossokeita.com\/index.php\/biographie\/","url":"https:\/\/lossokeita.com\/index.php\/biographie\/","name":"Biographie &#8902; Losso Keita","isPartOf":{"@id":"https:\/\/lossokeita.com\/#website"},"datePublished":"2019-04-03T20:09:14+00:00","dateModified":"2019-07-21T09:55:34+00:00","breadcrumb":{"@id":"https:\/\/lossokeita.com\/index.php\/biographie\/#breadcrumb"},"inLanguage":"fr-FR","potentialAction":[{"@type":"ReadAction","target":["https:\/\/lossokeita.com\/index.php\/biographie\/"]}]},{"@type":"BreadcrumbList","@id":"https:\/\/lossokeita.com\/index.php\/biographie\/#breadcrumb","itemListElement":[{"@type":"ListItem","position":1,"name":"Accueil","item":"https:\/\/lossokeita.com\/"},{"@type":"ListItem","position":2,"name":"Biographie"}]},{"@type":"WebSite","@id":"https:\/\/lossokeita.com\/#website","url":"https:\/\/lossokeita.com\/","name":"lossokeita.com","description":"Voix d&#039;or du Burkina Faso","publisher":{"@id":"https:\/\/lossokeita.com\/#organization"},"potentialAction":[{"@type":"SearchAction","target":{"@type":"EntryPoint","urlTemplate":"https:\/\/lossokeita.com\/?s={search_term_string}"},"query-input":"required name=search_term_string"}],"inLanguage":"fr-FR"},{"@type":"Organization","@id":"https:\/\/lossokeita.com\/#organization","name":"Losso Keita","url":"https:\/\/lossokeita.com\/","logo":{"@type":"ImageObject","inLanguage":"fr-FR","@id":"https:\/\/lossokeita.com\/#\/schema\/logo\/image\/","url":"https:\/\/i0.wp.com\/lossokeita.com\/wp-content\/uploads\/2019\/03\/tama-3-e1578837746337.jpg?fit=480%2C478&ssl=1","contentUrl":"https:\/\/i0.wp.com\/lossokeita.com\/wp-content\/uploads\/2019\/03\/tama-3-e1578837746337.jpg?fit=480%2C478&ssl=1","width":480,"height":478,"caption":"Losso Keita"},"image":{"@id":"https:\/\/lossokeita.com\/#\/schema\/logo\/image\/"},"sameAs":["https:\/\/www.facebook.com\/Losso-Ke\u00efta-2063357723746676\/?modal=admin_todo_tour","https:\/\/www.youtube.com\/channel\/UC0yBfrazicGEkXHFdA1ktLQ?view_as=subscriber"]}]}},"jetpack_sharing_enabled":true,"jetpack_shortlink":"https:\/\/wp.me\/PaQV5x-r","jetpack-related-posts":[{"id":31,"url":"https:\/\/lossokeita.com\/index.php\/a-propos\/","url_meta":{"origin":27,"position":0},"title":"Biographie","author":"admin4716","date":"3 avril 2019","format":false,"excerpt":"Une voix extraordinaire. La fine sensibilit\u00e9 d'un artiste qui s'offre sans fard, entier. G\u00e9n\u00e9reux, sur sc\u00e8ne, il donne tout. Il se pr\u00e9sente avec souplesse et nous surprend par sa force brute.Tel le cam\u00e9l\u00e9on, il s'int\u00e8gre remarquablement dans diff\u00e9rents univers musicaux, changeant de couleur mais conservant son identit\u00e9 et apportant sa\u2026","rel":"","context":"Article similaire","block_context":{"text":"Article similaire","link":""},"img":{"alt_text":"","src":"https:\/\/i0.wp.com\/lossokeita.com\/wp-content\/uploads\/2019\/07\/kanazoe-yes-1.jpg?resize=350%2C200&ssl=1","width":350,"height":200,"srcset":"https:\/\/i0.wp.com\/lossokeita.com\/wp-content\/uploads\/2019\/07\/kanazoe-yes-1.jpg?resize=350%2C200&ssl=1 1x, https:\/\/i0.wp.com\/lossokeita.com\/wp-content\/uploads\/2019\/07\/kanazoe-yes-1.jpg?resize=525%2C300&ssl=1 1.5x, https:\/\/i0.wp.com\/lossokeita.com\/wp-content\/uploads\/2019\/07\/kanazoe-yes-1.jpg?resize=700%2C400&ssl=1 2x"},"classes":[]},{"id":16,"url":"https:\/\/lossokeita.com\/index.php\/accueil\/","url_meta":{"origin":27,"position":1},"title":"Bienvenue","author":"admin4716","date":"20 mai 2019","format":false,"excerpt":"La musique comme une d\u00e9claration d'amour aux Hommes et au monde... Multi-instrumentiste, c'est par sa sensibilit\u00e9 et sa voix puissante que Losso Ke\u00efta nous transporte. Po\u00e9sie de c\u0153ur \u00e0 c\u0153urs, par son chant, presque pri\u00e8re, il touche nos \u00e2mes et y installe la paix. Entrez dans l'univers magique et vari\u00e9\u2026","rel":"","context":"Article similaire","block_context":{"text":"Article similaire","link":""},"img":{"alt_text":"","src":"https:\/\/i0.wp.com\/lossokeita.com\/wp-content\/uploads\/2019\/05\/51540169_2063405497075232_8479115863008477184_n.jpg?resize=350%2C200&ssl=1","width":350,"height":200,"srcset":"https:\/\/i0.wp.com\/lossokeita.com\/wp-content\/uploads\/2019\/05\/51540169_2063405497075232_8479115863008477184_n.jpg?resize=350%2C200&ssl=1 1x, https:\/\/i0.wp.com\/lossokeita.com\/wp-content\/uploads\/2019\/05\/51540169_2063405497075232_8479115863008477184_n.jpg?resize=525%2C300&ssl=1 1.5x"},"classes":[]},{"id":1436,"url":"https:\/\/lossokeita.com\/index.php\/lhomme-des-reves-et-son-goni\/","url_meta":{"origin":27,"position":2},"title":"L&rsquo;homme des r\u00eaves et son goni","author":"admin4716","date":"7 juin 2022","format":false,"excerpt":"Un conte musical tout public https:\/\/youtu.be\/LWXvylHl3R8Un moment intime, o\u00f9 voix et po\u00e9sie font vibrer les c\u0153urs.Celui qui rallume les \u00e9toiles perdues, vous emporte en musique pour voyager \u00e0 travers un conte inspir\u00e9 par sa tradition d'Afrique de l'Ouest. De son enfance au sein de l\u2019ethnie Bwaba, l\u2019auteur transmet la magie\u2026","rel":"","context":"Article similaire","block_context":{"text":"Article similaire","link":""},"img":{"alt_text":"","src":"https:\/\/i0.wp.com\/lossokeita.com\/wp-content\/uploads\/2022\/06\/affiche-Lenaic.jpg?resize=350%2C200&ssl=1","width":350,"height":200,"srcset":"https:\/\/i0.wp.com\/lossokeita.com\/wp-content\/uploads\/2022\/06\/affiche-Lenaic.jpg?resize=350%2C200&ssl=1 1x, https:\/\/i0.wp.com\/lossokeita.com\/wp-content\/uploads\/2022\/06\/affiche-Lenaic.jpg?resize=525%2C300&ssl=1 1.5x, https:\/\/i0.wp.com\/lossokeita.com\/wp-content\/uploads\/2022\/06\/affiche-Lenaic.jpg?resize=700%2C400&ssl=1 2x"},"classes":[]},{"id":961,"url":"https:\/\/lossokeita.com\/index.php\/diya\/","url_meta":{"origin":27,"position":3},"title":"Diya","author":"admin4716","date":"23 septembre 2021","format":false,"excerpt":"Salif Diarra vous emm\u00e8ne avec son groupe Diya form\u00e9 \u00e0 Angoul\u00eame.Les racines Bwaba de ce griot Burkinab\u00e9 porte une musique qui vous donne du peps.Joie partag\u00e9e avec ces acolytes et communiqu\u00e9e au public qui en redemande!https:\/\/lossokeita.com\/wp-content\/uploads\/2021\/09\/WhatsApp-Video-2021-09-14-at-00.41.21.mp4 Cliquez ici pour d\u00e9couvrir le groupe lors d'une live session mis en sc\u00e8ne \u00e0\u2026","rel":"","context":"Article similaire","block_context":{"text":"Article similaire","link":""},"img":{"alt_text":"","src":"https:\/\/i0.wp.com\/lossokeita.com\/wp-content\/uploads\/2021\/09\/salif-nef-200x300.jpg?resize=350%2C200&ssl=1","width":350,"height":200},"classes":[]},{"id":212,"url":"https:\/\/lossokeita.com\/index.php\/yele\/","url_meta":{"origin":27,"position":4},"title":"Yel\u00e9","author":"admin4716","date":"1 f\u00e9vrier 2020","format":false,"excerpt":"https:\/\/www.youtube.com\/watch?v=NUMb08aX-KoYel\u00e9 est un trio in\u00e9dit qui vibre au son du didjeridoo d'Eliah Jasper, la guitare basse d'Isaac Koffi et le N'goni et la voix de Losso Keita.Yel\u00e9 remporte le templin du festival Africajarc et cl\u00f4ture l'\u00e9dition 2017 sur la grande sc\u00e8ne avec une version inoubliable de Diminiba soutenue par l'envoutante\u2026","rel":"","context":"Article similaire","block_context":{"text":"Article similaire","link":""},"img":{"alt_text":"","src":"","width":0,"height":0},"classes":[]},{"id":1914,"url":"https:\/\/lossokeita.com\/index.php\/jerome-jouannic-et-les-papas-gombos\/","url_meta":{"origin":27,"position":5},"title":"J\u00e9r\u00f4me Jouannic et les Papas Gombos","author":"admin4716","date":"26 mars 2023","format":false,"excerpt":"Port\u00e9 par J\u00e9r\u00f4me Jouannic, batteur, compositeur et multi-instrumentiste val d'oisien amoureux des musiques africaines, ce projet r\u00e9unit plusieurs musiciens Burkinab\u00e9s. Au chant: Losso Ke\u00efta!https:\/\/www.jeromejouannic.com\/https:\/\/youtu.be\/Yx6wteyFlJk Facebook Instagram Youtube Spotify Music Amazon Deezer https:\/\/youtu.be\/k-QY039BiBc","rel":"","context":"Article similaire","block_context":{"text":"Article similaire","link":""},"img":{"alt_text":"","src":"https:\/\/i0.wp.com\/lossokeita.com\/wp-content\/uploads\/2023\/03\/278571730_376210391089998_6378648342648204597_n.jpg?resize=350%2C200&ssl=1","width":350,"height":200,"srcset":"https:\/\/i0.wp.com\/lossokeita.com\/wp-content\/uploads\/2023\/03\/278571730_376210391089998_6378648342648204597_n.jpg?resize=350%2C200&ssl=1 1x, https:\/\/i0.wp.com\/lossokeita.com\/wp-content\/uploads\/2023\/03\/278571730_376210391089998_6378648342648204597_n.jpg?resize=525%2C300&ssl=1 1.5x"},"classes":[]}],"_links":{"self":[{"href":"https:\/\/lossokeita.com\/index.php\/wp-json\/wp\/v2\/pages\/27"}],"collection":[{"href":"https:\/\/lossokeita.com\/index.php\/wp-json\/wp\/v2\/pages"}],"about":[{"href":"https:\/\/lossokeita.com\/index.php\/wp-json\/wp\/v2\/types\/page"}],"author":[{"embeddable":true,"href":"https:\/\/lossokeita.com\/index.php\/wp-json\/wp\/v2\/users\/1"}],"replies":[{"embeddable":true,"href":"https:\/\/lossokeita.com\/index.php\/wp-json\/wp\/v2\/comments?post=27"}],"version-history":[{"count":2,"href":"https:\/\/lossokeita.com\/index.php\/wp-json\/wp\/v2\/pages\/27\/revisions"}],"predecessor-version":[{"id":108,"href":"https:\/\/lossokeita.com\/index.php\/wp-json\/wp\/v2\/pages\/27\/revisions\/108"}],"wp:attachment":[{"href":"https:\/\/lossokeita.com\/index.php\/wp-json\/wp\/v2\/media?parent=27"}],"curies":[{"name":"wp","href":"https:\/\/api.w.org\/{rel}","templated":true}]}}