{"id":29,"date":"2019-04-03T22:09:14","date_gmt":"2019-04-03T20:09:14","guid":{"rendered":"https:\/\/lossokeita.com\/?page_id=29"},"modified":"2022-12-27T11:55:30","modified_gmt":"2022-12-27T10:55:30","slug":"actualites","status":"publish","type":"page","link":"https:\/\/lossokeita.com\/index.php\/actualites\/","title":{"rendered":"Actualit\u00e9s"},"content":{"rendered":"\t\t<div data-elementor-type=\"wp-post\" data-elementor-id=\"29\" class=\"elementor elementor-29\">\n\t\t\t\t\t\t\t\t\t<section class=\"elementor-section elementor-top-section elementor-element elementor-element-7a64bf0 elementor-section-boxed elementor-section-height-default elementor-section-height-default\" data-id=\"7a64bf0\" data-element_type=\"section\">\n\t\t\t\t\t\t<div class=\"elementor-container elementor-column-gap-default\">\n\t\t\t\t\t<div class=\"elementor-column elementor-col-100 elementor-top-column elementor-element elementor-element-8fe7122\" data-id=\"8fe7122\" data-element_type=\"column\">\n\t\t\t<div class=\"elementor-widget-wrap elementor-element-populated\">\n\t\t\t\t\t\t\t\t<div class=\"elementor-element elementor-element-8f221b2 elementor-widget elementor-widget-heading\" data-id=\"8f221b2\" data-element_type=\"widget\" data-widget_type=\"heading.default\">\n\t\t\t\t<div class=\"elementor-widget-container\">\n\t\t\t<h2 class=\"elementor-heading-title elementor-size-default\">Avec Na\u00e2man: show au Z\u00e9nith de Paris le 22\/10\/22<\/h2>\t\t<\/div>\n\t\t\t\t<\/div>\n\t\t\t\t\t<\/div>\n\t\t<\/div>\n\t\t\t\t\t\t\t<\/div>\n\t\t<\/section>\n\t\t\t\t<section class=\"elementor-section elementor-top-section elementor-element elementor-element-18006a8 elementor-section-boxed elementor-section-height-default elementor-section-height-default\" data-id=\"18006a8\" data-element_type=\"section\">\n\t\t\t\t\t\t<div class=\"elementor-container elementor-column-gap-default\">\n\t\t\t\t\t<div class=\"elementor-column elementor-col-100 elementor-top-column elementor-element elementor-element-0f7993a\" data-id=\"0f7993a\" data-element_type=\"column\">\n\t\t\t<div class=\"elementor-widget-wrap elementor-element-populated\">\n\t\t\t\t\t\t\t\t<div class=\"elementor-element elementor-element-38c3ad1 elementor-widget elementor-widget-text-editor\" data-id=\"38c3ad1\" data-element_type=\"widget\" data-widget_type=\"text-editor.default\">\n\t\t\t\t<div class=\"elementor-widget-container\">\n\t\t\t\t\t\t\t<p>Maputo et Cheer up sont deux titres de l&rsquo;album Temple Road de Na\u00e2man o\u00f9 on retrouve Losso\u00a0<span style=\"color: var( --e-global-color-text ); font-family: var( --e-global-typography-text-font-family ), Sans-serif; font-weight: var( --e-global-typography-text-font-weight ); font-size: 1rem;\">Ke\u00efta respectivement \u00e0 la voix et au goni.<\/span><\/p>\t\t\t\t\t\t<\/div>\n\t\t\t\t<\/div>\n\t\t\t\t\t<\/div>\n\t\t<\/div>\n\t\t\t\t\t\t\t<\/div>\n\t\t<\/section>\n\t\t\t\t<section class=\"elementor-section elementor-top-section elementor-element elementor-element-d44455a elementor-section-boxed elementor-section-height-default elementor-section-height-default\" data-id=\"d44455a\" data-element_type=\"section\">\n\t\t\t\t\t\t<div class=\"elementor-container elementor-column-gap-default\">\n\t\t\t\t\t<div class=\"elementor-column elementor-col-100 elementor-top-column elementor-element elementor-element-c9ab0e8\" data-id=\"c9ab0e8\" data-element_type=\"column\">\n\t\t\t<div class=\"elementor-widget-wrap elementor-element-populated\">\n\t\t\t\t\t\t\t\t<div class=\"elementor-element elementor-element-8610413 elementor-widget elementor-widget-image\" data-id=\"8610413\" data-element_type=\"widget\" data-widget_type=\"image.default\">\n\t\t\t\t<div class=\"elementor-widget-container\">\n\t\t\t\t\t\t\t\t\t\t\t\t\t\t\t<img data-attachment-id=\"1784\" data-permalink=\"https:\/\/lossokeita.com\/index.php\/actualites\/photo-collage-zenith-1\/\" data-orig-file=\"https:\/\/i0.wp.com\/lossokeita.com\/wp-content\/uploads\/2022\/12\/Photo-Collage-Zenith-1.png?fit=2000%2C1600&amp;ssl=1\" data-orig-size=\"2000,1600\" data-comments-opened=\"1\" data-image-meta=\"{&quot;aperture&quot;:&quot;0&quot;,&quot;credit&quot;:&quot;&quot;,&quot;camera&quot;:&quot;&quot;,&quot;caption&quot;:&quot;&quot;,&quot;created_timestamp&quot;:&quot;0&quot;,&quot;copyright&quot;:&quot;&quot;,&quot;focal_length&quot;:&quot;0&quot;,&quot;iso&quot;:&quot;0&quot;,&quot;shutter_speed&quot;:&quot;0&quot;,&quot;title&quot;:&quot;&quot;,&quot;orientation&quot;:&quot;0&quot;}\" data-image-title=\"Photo Collage Z\u00e9nith (1)\" data-image-description=\"\" data-image-caption=\"\" data-medium-file=\"https:\/\/i0.wp.com\/lossokeita.com\/wp-content\/uploads\/2022\/12\/Photo-Collage-Zenith-1.png?fit=300%2C240&amp;ssl=1\" data-large-file=\"https:\/\/i0.wp.com\/lossokeita.com\/wp-content\/uploads\/2022\/12\/Photo-Collage-Zenith-1.png?fit=525%2C420&amp;ssl=1\" decoding=\"async\" width=\"525\" height=\"420\" src=\"https:\/\/i0.wp.com\/lossokeita.com\/wp-content\/uploads\/2022\/12\/Photo-Collage-Zenith-1.png?fit=525%2C420&amp;ssl=1\" class=\"attachment-large size-large wp-image-1784\" alt=\"\" loading=\"lazy\" srcset=\"https:\/\/i0.wp.com\/lossokeita.com\/wp-content\/uploads\/2022\/12\/Photo-Collage-Zenith-1.png?w=2000&amp;ssl=1 2000w, https:\/\/i0.wp.com\/lossokeita.com\/wp-content\/uploads\/2022\/12\/Photo-Collage-Zenith-1.png?resize=300%2C240&amp;ssl=1 300w, https:\/\/i0.wp.com\/lossokeita.com\/wp-content\/uploads\/2022\/12\/Photo-Collage-Zenith-1.png?resize=1024%2C819&amp;ssl=1 1024w, https:\/\/i0.wp.com\/lossokeita.com\/wp-content\/uploads\/2022\/12\/Photo-Collage-Zenith-1.png?resize=768%2C614&amp;ssl=1 768w, https:\/\/i0.wp.com\/lossokeita.com\/wp-content\/uploads\/2022\/12\/Photo-Collage-Zenith-1.png?resize=1536%2C1229&amp;ssl=1 1536w\" sizes=\"100vw\" data-attachment-id=\"1784\" data-permalink=\"https:\/\/lossokeita.com\/index.php\/actualites\/photo-collage-zenith-1\/\" data-orig-file=\"https:\/\/i0.wp.com\/lossokeita.com\/wp-content\/uploads\/2022\/12\/Photo-Collage-Zenith-1.png?fit=2000%2C1600&amp;ssl=1\" data-orig-size=\"2000,1600\" data-comments-opened=\"1\" data-image-meta=\"{&quot;aperture&quot;:&quot;0&quot;,&quot;credit&quot;:&quot;&quot;,&quot;camera&quot;:&quot;&quot;,&quot;caption&quot;:&quot;&quot;,&quot;created_timestamp&quot;:&quot;0&quot;,&quot;copyright&quot;:&quot;&quot;,&quot;focal_length&quot;:&quot;0&quot;,&quot;iso&quot;:&quot;0&quot;,&quot;shutter_speed&quot;:&quot;0&quot;,&quot;title&quot;:&quot;&quot;,&quot;orientation&quot;:&quot;0&quot;}\" data-image-title=\"Photo Collage Z\u00e9nith (1)\" data-image-description=\"\" data-image-caption=\"\" data-medium-file=\"https:\/\/i0.wp.com\/lossokeita.com\/wp-content\/uploads\/2022\/12\/Photo-Collage-Zenith-1.png?fit=300%2C240&amp;ssl=1\" data-large-file=\"https:\/\/i0.wp.com\/lossokeita.com\/wp-content\/uploads\/2022\/12\/Photo-Collage-Zenith-1.png?fit=525%2C420&amp;ssl=1\" \/>\t\t\t\t\t\t\t\t\t\t\t\t\t\t\t<\/div>\n\t\t\t\t<\/div>\n\t\t\t\t\t<\/div>\n\t\t<\/div>\n\t\t\t\t\t\t\t<\/div>\n\t\t<\/section>\n\t\t\t\t<section class=\"elementor-section elementor-top-section elementor-element elementor-element-70de978 elementor-section-boxed elementor-section-height-default elementor-section-height-default\" data-id=\"70de978\" data-element_type=\"section\">\n\t\t\t\t\t\t<div class=\"elementor-container elementor-column-gap-default\">\n\t\t\t\t\t<div class=\"elementor-column elementor-col-100 elementor-top-column elementor-element elementor-element-65dc469\" data-id=\"65dc469\" data-element_type=\"column\">\n\t\t\t<div class=\"elementor-widget-wrap elementor-element-populated\">\n\t\t\t\t\t\t\t\t<div class=\"elementor-element elementor-element-a9d3af6 elementor-widget elementor-widget-video\" data-id=\"a9d3af6\" data-element_type=\"widget\" data-settings=\"{&quot;youtube_url&quot;:&quot;https:\\\/\\\/youtu.be\\\/8e0AC3yZ16U&quot;,&quot;autoplay&quot;:&quot;yes&quot;,&quot;play_on_mobile&quot;:&quot;yes&quot;,&quot;video_type&quot;:&quot;youtube&quot;,&quot;controls&quot;:&quot;yes&quot;}\" data-widget_type=\"video.default\">\n\t\t\t\t<div class=\"elementor-widget-container\">\n\t\t\t\t\t<div class=\"elementor-wrapper elementor-open-inline\">\n\t\t\t<div class=\"elementor-video\"><\/div>\t\t<\/div>\n\t\t\t\t<\/div>\n\t\t\t\t<\/div>\n\t\t\t\t\t<\/div>\n\t\t<\/div>\n\t\t\t\t\t\t\t<\/div>\n\t\t<\/section>\n\t\t\t\t<section class=\"elementor-section elementor-top-section elementor-element elementor-element-bfe6059 elementor-section-boxed elementor-section-height-default elementor-section-height-default\" data-id=\"bfe6059\" data-element_type=\"section\">\n\t\t\t\t\t\t<div class=\"elementor-container elementor-column-gap-default\">\n\t\t\t\t\t<div class=\"elementor-column elementor-col-100 elementor-top-column elementor-element elementor-element-660fd9e\" data-id=\"660fd9e\" data-element_type=\"column\">\n\t\t\t<div class=\"elementor-widget-wrap elementor-element-populated\">\n\t\t\t\t\t\t\t\t<section class=\"elementor-section elementor-inner-section elementor-element elementor-element-5e5ca96 elementor-section-boxed elementor-section-height-default elementor-section-height-default\" data-id=\"5e5ca96\" data-element_type=\"section\">\n\t\t\t\t\t\t<div class=\"elementor-container elementor-column-gap-default\">\n\t\t\t\t\t<div class=\"elementor-column elementor-col-50 elementor-inner-column elementor-element elementor-element-4e6dd73\" data-id=\"4e6dd73\" data-element_type=\"column\">\n\t\t\t<div class=\"elementor-widget-wrap elementor-element-populated\">\n\t\t\t\t\t\t\t\t<div class=\"elementor-element elementor-element-40cc3ee elementor-widget elementor-widget-video\" data-id=\"40cc3ee\" data-element_type=\"widget\" data-settings=\"{&quot;youtube_url&quot;:&quot;https:\\\/\\\/youtu.be\\\/TdL73SZUoW0&quot;,&quot;video_type&quot;:&quot;youtube&quot;,&quot;controls&quot;:&quot;yes&quot;}\" data-widget_type=\"video.default\">\n\t\t\t\t<div class=\"elementor-widget-container\">\n\t\t\t\t\t<div class=\"elementor-wrapper elementor-open-inline\">\n\t\t\t<div class=\"elementor-video\"><\/div>\t\t<\/div>\n\t\t\t\t<\/div>\n\t\t\t\t<\/div>\n\t\t\t\t\t<\/div>\n\t\t<\/div>\n\t\t\t\t<div class=\"elementor-column elementor-col-50 elementor-inner-column elementor-element elementor-element-917f091\" data-id=\"917f091\" data-element_type=\"column\">\n\t\t\t<div class=\"elementor-widget-wrap elementor-element-populated\">\n\t\t\t\t\t\t\t\t<div class=\"elementor-element elementor-element-928f072 elementor-widget elementor-widget-video\" data-id=\"928f072\" data-element_type=\"widget\" data-settings=\"{&quot;youtube_url&quot;:&quot;https:\\\/\\\/youtu.be\\\/JQIs-5QA9N0&quot;,&quot;video_type&quot;:&quot;youtube&quot;,&quot;controls&quot;:&quot;yes&quot;}\" data-widget_type=\"video.default\">\n\t\t\t\t<div class=\"elementor-widget-container\">\n\t\t\t\t\t<div class=\"elementor-wrapper elementor-open-inline\">\n\t\t\t<div class=\"elementor-video\"><\/div>\t\t<\/div>\n\t\t\t\t<\/div>\n\t\t\t\t<\/div>\n\t\t\t\t\t<\/div>\n\t\t<\/div>\n\t\t\t\t\t\t\t<\/div>\n\t\t<\/section>\n\t\t\t\t\t<\/div>\n\t\t<\/div>\n\t\t\t\t\t\t\t<\/div>\n\t\t<\/section>\n\t\t\t\t\t\t\t<\/div>\n\t\t","protected":false},"excerpt":{"rendered":"<p>Avec Na\u00e2man: show au Z\u00e9nith de Paris le 22\/10\/22 Maputo et Cheer up sont deux titres de l&rsquo;album Temple Road de Na\u00e2man o\u00f9 on retrouve Losso\u00a0Ke\u00efta respectivement \u00e0 la voix et au goni.<\/p>\n","protected":false},"author":1,"featured_media":0,"parent":0,"menu_order":0,"comment_status":"closed","ping_status":"closed","template":"","meta":{"_mi_skip_tracking":false,"_monsterinsights_skip_tracking":false,"_monsterinsights_sitenote_active":false,"_monsterinsights_sitenote_note":"","_monsterinsights_sitenote_category":0,"jetpack_post_was_ever_published":false},"yoast_head":"<!-- This site is optimized with the Yoast SEO plugin v21.1 - https:\/\/yoast.com\/wordpress\/plugins\/seo\/ -->\n<title>Actualit\u00e9s &#8902; Losso Keita<\/title>\n<meta name=\"robots\" content=\"index, follow, max-snippet:-1, max-image-preview:large, max-video-preview:-1\" \/>\n<link rel=\"canonical\" href=\"https:\/\/lossokeita.com\/index.php\/actualites\/\" \/>\n<meta property=\"og:locale\" content=\"fr_FR\" \/>\n<meta property=\"og:type\" content=\"article\" \/>\n<meta property=\"og:title\" content=\"Actualit\u00e9s &#8902; Losso Keita\" \/>\n<meta property=\"og:description\" content=\"Avec Na\u00e2man: show au Z\u00e9nith de Paris le 22\/10\/22 Maputo et Cheer up sont deux titres de l&rsquo;album Temple Road de Na\u00e2man o\u00f9 on retrouve Losso\u00a0Ke\u00efta respectivement \u00e0 la voix et au goni.\" \/>\n<meta property=\"og:url\" content=\"https:\/\/lossokeita.com\/index.php\/actualites\/\" \/>\n<meta property=\"og:site_name\" content=\"Losso Keita\" \/>\n<meta property=\"article:publisher\" content=\"https:\/\/www.facebook.com\/Losso-Ke%c3%afta-2063357723746676\/?modal=admin_todo_tour\" \/>\n<meta property=\"article:modified_time\" content=\"2022-12-27T10:55:30+00:00\" \/>\n<meta property=\"og:image\" content=\"https:\/\/lossokeita.com\/wp-content\/uploads\/2022\/12\/Photo-Collage-Zenith-1-1024x819.png\" \/>\n<meta name=\"twitter:card\" content=\"summary_large_image\" \/>\n<meta name=\"twitter:label1\" content=\"Dur\u00e9e de lecture estim\u00e9e\" \/>\n\t<meta name=\"twitter:data1\" content=\"1 minute\" \/>\n<script type=\"application\/ld+json\" class=\"yoast-schema-graph\">{\"@context\":\"https:\/\/schema.org\",\"@graph\":[{\"@type\":\"WebPage\",\"@id\":\"https:\/\/lossokeita.com\/index.php\/actualites\/\",\"url\":\"https:\/\/lossokeita.com\/index.php\/actualites\/\",\"name\":\"Actualit\u00e9s &#8902; Losso Keita\",\"isPartOf\":{\"@id\":\"https:\/\/lossokeita.com\/#website\"},\"datePublished\":\"2019-04-03T20:09:14+00:00\",\"dateModified\":\"2022-12-27T10:55:30+00:00\",\"breadcrumb\":{\"@id\":\"https:\/\/lossokeita.com\/index.php\/actualites\/#breadcrumb\"},\"inLanguage\":\"fr-FR\",\"potentialAction\":[{\"@type\":\"ReadAction\",\"target\":[\"https:\/\/lossokeita.com\/index.php\/actualites\/\"]}]},{\"@type\":\"BreadcrumbList\",\"@id\":\"https:\/\/lossokeita.com\/index.php\/actualites\/#breadcrumb\",\"itemListElement\":[{\"@type\":\"ListItem\",\"position\":1,\"name\":\"Accueil\",\"item\":\"https:\/\/lossokeita.com\/\"},{\"@type\":\"ListItem\",\"position\":2,\"name\":\"Actualit\u00e9s\"}]},{\"@type\":\"WebSite\",\"@id\":\"https:\/\/lossokeita.com\/#website\",\"url\":\"https:\/\/lossokeita.com\/\",\"name\":\"lossokeita.com\",\"description\":\"Voix d&#039;or du Burkina Faso\",\"publisher\":{\"@id\":\"https:\/\/lossokeita.com\/#organization\"},\"potentialAction\":[{\"@type\":\"SearchAction\",\"target\":{\"@type\":\"EntryPoint\",\"urlTemplate\":\"https:\/\/lossokeita.com\/?s={search_term_string}\"},\"query-input\":\"required name=search_term_string\"}],\"inLanguage\":\"fr-FR\"},{\"@type\":\"Organization\",\"@id\":\"https:\/\/lossokeita.com\/#organization\",\"name\":\"Losso Keita\",\"url\":\"https:\/\/lossokeita.com\/\",\"logo\":{\"@type\":\"ImageObject\",\"inLanguage\":\"fr-FR\",\"@id\":\"https:\/\/lossokeita.com\/#\/schema\/logo\/image\/\",\"url\":\"https:\/\/i0.wp.com\/lossokeita.com\/wp-content\/uploads\/2019\/03\/tama-3-e1578837746337.jpg?fit=480%2C478&ssl=1\",\"contentUrl\":\"https:\/\/i0.wp.com\/lossokeita.com\/wp-content\/uploads\/2019\/03\/tama-3-e1578837746337.jpg?fit=480%2C478&ssl=1\",\"width\":480,\"height\":478,\"caption\":\"Losso Keita\"},\"image\":{\"@id\":\"https:\/\/lossokeita.com\/#\/schema\/logo\/image\/\"},\"sameAs\":[\"https:\/\/www.facebook.com\/Losso-Ke\u00efta-2063357723746676\/?modal=admin_todo_tour\",\"https:\/\/www.youtube.com\/channel\/UC0yBfrazicGEkXHFdA1ktLQ?view_as=subscriber\"]}]}<\/script>\n<!-- \/ Yoast SEO plugin. -->","yoast_head_json":{"title":"Actualit\u00e9s &#8902; Losso Keita","robots":{"index":"index","follow":"follow","max-snippet":"max-snippet:-1","max-image-preview":"max-image-preview:large","max-video-preview":"max-video-preview:-1"},"canonical":"https:\/\/lossokeita.com\/index.php\/actualites\/","og_locale":"fr_FR","og_type":"article","og_title":"Actualit\u00e9s &#8902; Losso Keita","og_description":"Avec Na\u00e2man: show au Z\u00e9nith de Paris le 22\/10\/22 Maputo et Cheer up sont deux titres de l&rsquo;album Temple Road de Na\u00e2man o\u00f9 on retrouve Losso\u00a0Ke\u00efta respectivement \u00e0 la voix et au goni.","og_url":"https:\/\/lossokeita.com\/index.php\/actualites\/","og_site_name":"Losso Keita","article_publisher":"https:\/\/www.facebook.com\/Losso-Ke%c3%afta-2063357723746676\/?modal=admin_todo_tour","article_modified_time":"2022-12-27T10:55:30+00:00","og_image":[{"url":"https:\/\/lossokeita.com\/wp-content\/uploads\/2022\/12\/Photo-Collage-Zenith-1-1024x819.png"}],"twitter_card":"summary_large_image","twitter_misc":{"Dur\u00e9e de lecture estim\u00e9e":"1 minute"},"schema":{"@context":"https:\/\/schema.org","@graph":[{"@type":"WebPage","@id":"https:\/\/lossokeita.com\/index.php\/actualites\/","url":"https:\/\/lossokeita.com\/index.php\/actualites\/","name":"Actualit\u00e9s &#8902; Losso Keita","isPartOf":{"@id":"https:\/\/lossokeita.com\/#website"},"datePublished":"2019-04-03T20:09:14+00:00","dateModified":"2022-12-27T10:55:30+00:00","breadcrumb":{"@id":"https:\/\/lossokeita.com\/index.php\/actualites\/#breadcrumb"},"inLanguage":"fr-FR","potentialAction":[{"@type":"ReadAction","target":["https:\/\/lossokeita.com\/index.php\/actualites\/"]}]},{"@type":"BreadcrumbList","@id":"https:\/\/lossokeita.com\/index.php\/actualites\/#breadcrumb","itemListElement":[{"@type":"ListItem","position":1,"name":"Accueil","item":"https:\/\/lossokeita.com\/"},{"@type":"ListItem","position":2,"name":"Actualit\u00e9s"}]},{"@type":"WebSite","@id":"https:\/\/lossokeita.com\/#website","url":"https:\/\/lossokeita.com\/","name":"lossokeita.com","description":"Voix d&#039;or du Burkina Faso","publisher":{"@id":"https:\/\/lossokeita.com\/#organization"},"potentialAction":[{"@type":"SearchAction","target":{"@type":"EntryPoint","urlTemplate":"https:\/\/lossokeita.com\/?s={search_term_string}"},"query-input":"required name=search_term_string"}],"inLanguage":"fr-FR"},{"@type":"Organization","@id":"https:\/\/lossokeita.com\/#organization","name":"Losso Keita","url":"https:\/\/lossokeita.com\/","logo":{"@type":"ImageObject","inLanguage":"fr-FR","@id":"https:\/\/lossokeita.com\/#\/schema\/logo\/image\/","url":"https:\/\/i0.wp.com\/lossokeita.com\/wp-content\/uploads\/2019\/03\/tama-3-e1578837746337.jpg?fit=480%2C478&ssl=1","contentUrl":"https:\/\/i0.wp.com\/lossokeita.com\/wp-content\/uploads\/2019\/03\/tama-3-e1578837746337.jpg?fit=480%2C478&ssl=1","width":480,"height":478,"caption":"Losso Keita"},"image":{"@id":"https:\/\/lossokeita.com\/#\/schema\/logo\/image\/"},"sameAs":["https:\/\/www.facebook.com\/Losso-Ke\u00efta-2063357723746676\/?modal=admin_todo_tour","https:\/\/www.youtube.com\/channel\/UC0yBfrazicGEkXHFdA1ktLQ?view_as=subscriber"]}]}},"jetpack_sharing_enabled":true,"jetpack_shortlink":"https:\/\/wp.me\/PaQV5x-t","jetpack-related-posts":[{"id":1914,"url":"https:\/\/lossokeita.com\/index.php\/jerome-jouannic-et-les-papas-gombos\/","url_meta":{"origin":29,"position":0},"title":"J\u00e9r\u00f4me Jouannic et les Papas Gombos","author":"admin4716","date":"26 mars 2023","format":false,"excerpt":"Port\u00e9 par J\u00e9r\u00f4me Jouannic, batteur, compositeur et multi-instrumentiste val d'oisien amoureux des musiques africaines, ce projet r\u00e9unit plusieurs musiciens Burkinab\u00e9s. Au chant: Losso Ke\u00efta!https:\/\/www.jeromejouannic.com\/https:\/\/youtu.be\/Yx6wteyFlJk Facebook Instagram Youtube Spotify Music Amazon Deezer https:\/\/youtu.be\/k-QY039BiBc","rel":"","context":"Article similaire","block_context":{"text":"Article similaire","link":""},"img":{"alt_text":"","src":"https:\/\/i0.wp.com\/lossokeita.com\/wp-content\/uploads\/2023\/03\/278571730_376210391089998_6378648342648204597_n.jpg?resize=350%2C200&ssl=1","width":350,"height":200,"srcset":"https:\/\/i0.wp.com\/lossokeita.com\/wp-content\/uploads\/2023\/03\/278571730_376210391089998_6378648342648204597_n.jpg?resize=350%2C200&ssl=1 1x, https:\/\/i0.wp.com\/lossokeita.com\/wp-content\/uploads\/2023\/03\/278571730_376210391089998_6378648342648204597_n.jpg?resize=525%2C300&ssl=1 1.5x"},"classes":[]},{"id":1029,"url":"https:\/\/lossokeita.com\/index.php\/losso-keita-en-quelques-clics\/","url_meta":{"origin":29,"position":1},"title":"Losso Ke\u00efta en quelques clics&#8230;","author":"admin4716","date":"13 octobre 2021","format":false,"excerpt":"Accueil du site www.LossoKeita.com https:\/\/youtu.be\/NUMb08aX-Ko","rel":"","context":"Article similaire","block_context":{"text":"Article similaire","link":""},"img":{"alt_text":"","src":"https:\/\/i0.wp.com\/img.youtube.com\/vi\/NUMb08aX-Ko\/0.jpg?resize=350%2C200","width":350,"height":200},"classes":[]},{"id":33,"url":"https:\/\/lossokeita.com\/index.php\/videos\/","url_meta":{"origin":29,"position":2},"title":"Vid\u00e9os","author":"admin4716","date":"3 avril 2019","format":false,"excerpt":"","rel":"","context":"Article similaire","block_context":{"text":"Article similaire","link":""},"img":{"alt_text":"","src":"","width":0,"height":0},"classes":[]},{"id":1436,"url":"https:\/\/lossokeita.com\/index.php\/lhomme-des-reves-et-son-goni\/","url_meta":{"origin":29,"position":3},"title":"L&rsquo;homme des r\u00eaves et son goni","author":"admin4716","date":"7 juin 2022","format":false,"excerpt":"Un conte musical tout public https:\/\/youtu.be\/LWXvylHl3R8Un moment intime, o\u00f9 voix et po\u00e9sie font vibrer les c\u0153urs.Celui qui rallume les \u00e9toiles perdues, vous emporte en musique pour voyager \u00e0 travers un conte inspir\u00e9 par sa tradition d'Afrique de l'Ouest. De son enfance au sein de l\u2019ethnie Bwaba, l\u2019auteur transmet la magie\u2026","rel":"","context":"Article similaire","block_context":{"text":"Article similaire","link":""},"img":{"alt_text":"","src":"https:\/\/i0.wp.com\/lossokeita.com\/wp-content\/uploads\/2022\/06\/affiche-Lenaic.jpg?resize=350%2C200&ssl=1","width":350,"height":200,"srcset":"https:\/\/i0.wp.com\/lossokeita.com\/wp-content\/uploads\/2022\/06\/affiche-Lenaic.jpg?resize=350%2C200&ssl=1 1x, https:\/\/i0.wp.com\/lossokeita.com\/wp-content\/uploads\/2022\/06\/affiche-Lenaic.jpg?resize=525%2C300&ssl=1 1.5x, https:\/\/i0.wp.com\/lossokeita.com\/wp-content\/uploads\/2022\/06\/affiche-Lenaic.jpg?resize=700%2C400&ssl=1 2x"},"classes":[]}],"_links":{"self":[{"href":"https:\/\/lossokeita.com\/index.php\/wp-json\/wp\/v2\/pages\/29"}],"collection":[{"href":"https:\/\/lossokeita.com\/index.php\/wp-json\/wp\/v2\/pages"}],"about":[{"href":"https:\/\/lossokeita.com\/index.php\/wp-json\/wp\/v2\/types\/page"}],"author":[{"embeddable":true,"href":"https:\/\/lossokeita.com\/index.php\/wp-json\/wp\/v2\/users\/1"}],"replies":[{"embeddable":true,"href":"https:\/\/lossokeita.com\/index.php\/wp-json\/wp\/v2\/comments?post=29"}],"version-history":[{"count":29,"href":"https:\/\/lossokeita.com\/index.php\/wp-json\/wp\/v2\/pages\/29\/revisions"}],"predecessor-version":[{"id":1806,"href":"https:\/\/lossokeita.com\/index.php\/wp-json\/wp\/v2\/pages\/29\/revisions\/1806"}],"wp:attachment":[{"href":"https:\/\/lossokeita.com\/index.php\/wp-json\/wp\/v2\/media?parent=29"}],"curies":[{"name":"wp","href":"https:\/\/api.w.org\/{rel}","templated":true}]}}