{"id":30,"date":"2019-04-03T22:09:14","date_gmt":"2019-04-03T20:09:14","guid":{"rendered":"https:\/\/lossokeita.com\/?page_id=30"},"modified":"2020-01-12T15:03:09","modified_gmt":"2020-01-12T14:03:09","slug":"gallerie","status":"publish","type":"page","link":"https:\/\/lossokeita.com\/index.php\/gallerie\/","title":{"rendered":"Galerie"},"content":{"rendered":"\t\t<div data-elementor-type=\"wp-post\" data-elementor-id=\"30\" class=\"elementor elementor-30\">\n\t\t\t\t\t\t\t\t\t<section class=\"elementor-section elementor-top-section elementor-element elementor-element-a39939d elementor-section-boxed elementor-section-height-default elementor-section-height-default\" data-id=\"a39939d\" data-element_type=\"section\">\n\t\t\t\t\t\t<div class=\"elementor-container elementor-column-gap-default\">\n\t\t\t\t\t<div class=\"elementor-column elementor-col-100 elementor-top-column elementor-element elementor-element-f6803a2\" data-id=\"f6803a2\" data-element_type=\"column\">\n\t\t\t<div class=\"elementor-widget-wrap elementor-element-populated\">\n\t\t\t\t\t\t\t\t<div class=\"elementor-element elementor-element-7bd8d2c elementor-arrows-position-inside elementor-pagination-position-outside elementor-widget elementor-widget-image-carousel\" data-id=\"7bd8d2c\" data-element_type=\"widget\" data-settings=\"{&quot;slides_to_show&quot;:&quot;1&quot;,&quot;navigation&quot;:&quot;both&quot;,&quot;autoplay&quot;:&quot;yes&quot;,&quot;pause_on_hover&quot;:&quot;yes&quot;,&quot;pause_on_interaction&quot;:&quot;yes&quot;,&quot;autoplay_speed&quot;:5000,&quot;infinite&quot;:&quot;yes&quot;,&quot;effect&quot;:&quot;slide&quot;,&quot;speed&quot;:500}\" data-widget_type=\"image-carousel.default\">\n\t\t\t\t<div class=\"elementor-widget-container\">\n\t\t\t\t\t<div class=\"elementor-image-carousel-wrapper swiper-container\" dir=\"ltr\">\n\t\t\t<div class=\"elementor-image-carousel swiper-wrapper\" aria-live=\"off\">\n\t\t\t\t\t\t\t\t<div class=\"swiper-slide\" role=\"group\" aria-roledescription=\"slide\" aria-label=\"1 sur 4\"><figure class=\"swiper-slide-inner\"><img decoding=\"async\" class=\"swiper-slide-image\" src=\"https:\/\/i0.wp.com\/lossokeita.com\/wp-content\/uploads\/2019\/05\/51940842_2063372707078511_5472360540711944192_n.jpg?fit=525%2C350&amp;ssl=1\" alt=\"51940842_2063372707078511_5472360540711944192_n\" \/><\/figure><\/div><div class=\"swiper-slide\" role=\"group\" aria-roledescription=\"slide\" aria-label=\"2 sur 4\"><figure class=\"swiper-slide-inner\"><img decoding=\"async\" class=\"swiper-slide-image\" src=\"https:\/\/i0.wp.com\/lossokeita.com\/wp-content\/uploads\/2019\/07\/photo-micro-goni-sourire-e1578837465203.jpg?fit=525%2C350&amp;ssl=1\" alt=\"photo micro goni sourire\" \/><\/figure><\/div><div class=\"swiper-slide\" role=\"group\" aria-roledescription=\"slide\" aria-label=\"3 sur 4\"><figure class=\"swiper-slide-inner\"><img decoding=\"async\" class=\"swiper-slide-image\" src=\"https:\/\/i0.wp.com\/lossokeita.com\/wp-content\/uploads\/2019\/07\/kanazoe-yes-e1578837483968.jpg?fit=525%2C350&amp;ssl=1\" alt=\"Cr\u00e9dit photo@GuillaumeBourgoin\" \/><figcaption class=\"elementor-image-carousel-caption\">Cr\u00e9dit photo@GuillaumeBourgoin<\/figcaption><\/figure><\/div><div class=\"swiper-slide\" role=\"group\" aria-roledescription=\"slide\" aria-label=\"4 sur 4\"><figure class=\"swiper-slide-inner\"><img decoding=\"async\" class=\"swiper-slide-image\" src=\"https:\/\/i0.wp.com\/lossokeita.com\/wp-content\/uploads\/2019\/03\/tama-3-e1578837746337.jpg?fit=480%2C478&amp;ssl=1\" alt=\"tama\" \/><\/figure><\/div>\t\t\t<\/div>\n\t\t\t\t\t\t\t\t\t\t\t\t<div class=\"elementor-swiper-button elementor-swiper-button-prev\" role=\"button\" tabindex=\"0\">\n\t\t\t\t\t\t<i aria-hidden=\"true\" class=\"eicon-chevron-left\"><\/i>\t\t\t\t\t<\/div>\n\t\t\t\t\t<div class=\"elementor-swiper-button elementor-swiper-button-next\" role=\"button\" tabindex=\"0\">\n\t\t\t\t\t\t<i aria-hidden=\"true\" class=\"eicon-chevron-right\"><\/i>\t\t\t\t\t<\/div>\n\t\t\t\t\n\t\t\t\t\t\t\t\t\t<div class=\"swiper-pagination\"><\/div>\n\t\t\t\t\t\t\t\t\t<\/div>\n\t\t\t\t<\/div>\n\t\t\t\t<\/div>\n\t\t\t\t\t<\/div>\n\t\t<\/div>\n\t\t\t\t\t\t\t<\/div>\n\t\t<\/section>\n\t\t\t\t\t\t\t<\/div>\n\t\t","protected":false},"excerpt":{"rendered":"<p>Cr\u00e9dit photo@GuillaumeBourgoin Pr\u00e9c\u00e9dent Suivant<\/p>\n","protected":false},"author":1,"featured_media":0,"parent":0,"menu_order":0,"comment_status":"closed","ping_status":"closed","template":"","meta":{"_mi_skip_tracking":false,"_monsterinsights_skip_tracking":false,"_monsterinsights_sitenote_active":false,"_monsterinsights_sitenote_note":"","_monsterinsights_sitenote_category":0,"jetpack_post_was_ever_published":false},"yoast_head":"<!-- This site is optimized with the Yoast SEO plugin v21.1 - https:\/\/yoast.com\/wordpress\/plugins\/seo\/ -->\n<title>Galerie &#8902; Losso Keita<\/title>\n<meta name=\"robots\" content=\"index, follow, max-snippet:-1, max-image-preview:large, max-video-preview:-1\" \/>\n<link rel=\"canonical\" href=\"https:\/\/lossokeita.com\/index.php\/gallerie\/\" \/>\n<meta property=\"og:locale\" content=\"fr_FR\" \/>\n<meta property=\"og:type\" content=\"article\" \/>\n<meta property=\"og:title\" content=\"Galerie &#8902; Losso Keita\" \/>\n<meta property=\"og:description\" content=\"Cr\u00e9dit photo@GuillaumeBourgoin Pr\u00e9c\u00e9dent Suivant\" \/>\n<meta property=\"og:url\" content=\"https:\/\/lossokeita.com\/index.php\/gallerie\/\" \/>\n<meta property=\"og:site_name\" content=\"Losso Keita\" \/>\n<meta property=\"article:publisher\" content=\"https:\/\/www.facebook.com\/Losso-Ke%c3%afta-2063357723746676\/?modal=admin_todo_tour\" \/>\n<meta property=\"article:modified_time\" content=\"2020-01-12T14:03:09+00:00\" \/>\n<meta property=\"og:image\" content=\"https:\/\/lossokeita.com\/wp-content\/uploads\/2019\/05\/51940842_2063372707078511_5472360540711944192_n.jpg\" \/>\n<meta name=\"twitter:card\" content=\"summary_large_image\" \/>\n<script type=\"application\/ld+json\" class=\"yoast-schema-graph\">{\"@context\":\"https:\/\/schema.org\",\"@graph\":[{\"@type\":\"WebPage\",\"@id\":\"https:\/\/lossokeita.com\/index.php\/gallerie\/\",\"url\":\"https:\/\/lossokeita.com\/index.php\/gallerie\/\",\"name\":\"Galerie &#8902; Losso Keita\",\"isPartOf\":{\"@id\":\"https:\/\/lossokeita.com\/#website\"},\"datePublished\":\"2019-04-03T20:09:14+00:00\",\"dateModified\":\"2020-01-12T14:03:09+00:00\",\"breadcrumb\":{\"@id\":\"https:\/\/lossokeita.com\/index.php\/gallerie\/#breadcrumb\"},\"inLanguage\":\"fr-FR\",\"potentialAction\":[{\"@type\":\"ReadAction\",\"target\":[\"https:\/\/lossokeita.com\/index.php\/gallerie\/\"]}]},{\"@type\":\"BreadcrumbList\",\"@id\":\"https:\/\/lossokeita.com\/index.php\/gallerie\/#breadcrumb\",\"itemListElement\":[{\"@type\":\"ListItem\",\"position\":1,\"name\":\"Accueil\",\"item\":\"https:\/\/lossokeita.com\/\"},{\"@type\":\"ListItem\",\"position\":2,\"name\":\"Galerie\"}]},{\"@type\":\"WebSite\",\"@id\":\"https:\/\/lossokeita.com\/#website\",\"url\":\"https:\/\/lossokeita.com\/\",\"name\":\"lossokeita.com\",\"description\":\"Voix d&#039;or du Burkina Faso\",\"publisher\":{\"@id\":\"https:\/\/lossokeita.com\/#organization\"},\"potentialAction\":[{\"@type\":\"SearchAction\",\"target\":{\"@type\":\"EntryPoint\",\"urlTemplate\":\"https:\/\/lossokeita.com\/?s={search_term_string}\"},\"query-input\":\"required name=search_term_string\"}],\"inLanguage\":\"fr-FR\"},{\"@type\":\"Organization\",\"@id\":\"https:\/\/lossokeita.com\/#organization\",\"name\":\"Losso Keita\",\"url\":\"https:\/\/lossokeita.com\/\",\"logo\":{\"@type\":\"ImageObject\",\"inLanguage\":\"fr-FR\",\"@id\":\"https:\/\/lossokeita.com\/#\/schema\/logo\/image\/\",\"url\":\"https:\/\/i0.wp.com\/lossokeita.com\/wp-content\/uploads\/2019\/03\/tama-3-e1578837746337.jpg?fit=480%2C478&ssl=1\",\"contentUrl\":\"https:\/\/i0.wp.com\/lossokeita.com\/wp-content\/uploads\/2019\/03\/tama-3-e1578837746337.jpg?fit=480%2C478&ssl=1\",\"width\":480,\"height\":478,\"caption\":\"Losso Keita\"},\"image\":{\"@id\":\"https:\/\/lossokeita.com\/#\/schema\/logo\/image\/\"},\"sameAs\":[\"https:\/\/www.facebook.com\/Losso-Ke\u00efta-2063357723746676\/?modal=admin_todo_tour\",\"https:\/\/www.youtube.com\/channel\/UC0yBfrazicGEkXHFdA1ktLQ?view_as=subscriber\"]}]}<\/script>\n<!-- \/ Yoast SEO plugin. -->","yoast_head_json":{"title":"Galerie &#8902; Losso Keita","robots":{"index":"index","follow":"follow","max-snippet":"max-snippet:-1","max-image-preview":"max-image-preview:large","max-video-preview":"max-video-preview:-1"},"canonical":"https:\/\/lossokeita.com\/index.php\/gallerie\/","og_locale":"fr_FR","og_type":"article","og_title":"Galerie &#8902; Losso Keita","og_description":"Cr\u00e9dit photo@GuillaumeBourgoin Pr\u00e9c\u00e9dent Suivant","og_url":"https:\/\/lossokeita.com\/index.php\/gallerie\/","og_site_name":"Losso Keita","article_publisher":"https:\/\/www.facebook.com\/Losso-Ke%c3%afta-2063357723746676\/?modal=admin_todo_tour","article_modified_time":"2020-01-12T14:03:09+00:00","og_image":[{"url":"https:\/\/lossokeita.com\/wp-content\/uploads\/2019\/05\/51940842_2063372707078511_5472360540711944192_n.jpg"}],"twitter_card":"summary_large_image","schema":{"@context":"https:\/\/schema.org","@graph":[{"@type":"WebPage","@id":"https:\/\/lossokeita.com\/index.php\/gallerie\/","url":"https:\/\/lossokeita.com\/index.php\/gallerie\/","name":"Galerie &#8902; Losso Keita","isPartOf":{"@id":"https:\/\/lossokeita.com\/#website"},"datePublished":"2019-04-03T20:09:14+00:00","dateModified":"2020-01-12T14:03:09+00:00","breadcrumb":{"@id":"https:\/\/lossokeita.com\/index.php\/gallerie\/#breadcrumb"},"inLanguage":"fr-FR","potentialAction":[{"@type":"ReadAction","target":["https:\/\/lossokeita.com\/index.php\/gallerie\/"]}]},{"@type":"BreadcrumbList","@id":"https:\/\/lossokeita.com\/index.php\/gallerie\/#breadcrumb","itemListElement":[{"@type":"ListItem","position":1,"name":"Accueil","item":"https:\/\/lossokeita.com\/"},{"@type":"ListItem","position":2,"name":"Galerie"}]},{"@type":"WebSite","@id":"https:\/\/lossokeita.com\/#website","url":"https:\/\/lossokeita.com\/","name":"lossokeita.com","description":"Voix d&#039;or du Burkina Faso","publisher":{"@id":"https:\/\/lossokeita.com\/#organization"},"potentialAction":[{"@type":"SearchAction","target":{"@type":"EntryPoint","urlTemplate":"https:\/\/lossokeita.com\/?s={search_term_string}"},"query-input":"required name=search_term_string"}],"inLanguage":"fr-FR"},{"@type":"Organization","@id":"https:\/\/lossokeita.com\/#organization","name":"Losso Keita","url":"https:\/\/lossokeita.com\/","logo":{"@type":"ImageObject","inLanguage":"fr-FR","@id":"https:\/\/lossokeita.com\/#\/schema\/logo\/image\/","url":"https:\/\/i0.wp.com\/lossokeita.com\/wp-content\/uploads\/2019\/03\/tama-3-e1578837746337.jpg?fit=480%2C478&ssl=1","contentUrl":"https:\/\/i0.wp.com\/lossokeita.com\/wp-content\/uploads\/2019\/03\/tama-3-e1578837746337.jpg?fit=480%2C478&ssl=1","width":480,"height":478,"caption":"Losso Keita"},"image":{"@id":"https:\/\/lossokeita.com\/#\/schema\/logo\/image\/"},"sameAs":["https:\/\/www.facebook.com\/Losso-Ke\u00efta-2063357723746676\/?modal=admin_todo_tour","https:\/\/www.youtube.com\/channel\/UC0yBfrazicGEkXHFdA1ktLQ?view_as=subscriber"]}]}},"jetpack_sharing_enabled":true,"jetpack_shortlink":"https:\/\/wp.me\/PaQV5x-u","jetpack-related-posts":[{"id":31,"url":"https:\/\/lossokeita.com\/index.php\/a-propos\/","url_meta":{"origin":30,"position":0},"title":"Biographie","author":"admin4716","date":"3 avril 2019","format":false,"excerpt":"Une voix extraordinaire. La fine sensibilit\u00e9 d'un artiste qui s'offre sans fard, entier. G\u00e9n\u00e9reux, sur sc\u00e8ne, il donne tout. Il se pr\u00e9sente avec souplesse et nous surprend par sa force brute.Tel le cam\u00e9l\u00e9on, il s'int\u00e8gre remarquablement dans diff\u00e9rents univers musicaux, changeant de couleur mais conservant son identit\u00e9 et apportant sa\u2026","rel":"","context":"Article similaire","block_context":{"text":"Article similaire","link":""},"img":{"alt_text":"","src":"https:\/\/i0.wp.com\/lossokeita.com\/wp-content\/uploads\/2019\/07\/kanazoe-yes-1.jpg?resize=350%2C200&ssl=1","width":350,"height":200,"srcset":"https:\/\/i0.wp.com\/lossokeita.com\/wp-content\/uploads\/2019\/07\/kanazoe-yes-1.jpg?resize=350%2C200&ssl=1 1x, https:\/\/i0.wp.com\/lossokeita.com\/wp-content\/uploads\/2019\/07\/kanazoe-yes-1.jpg?resize=525%2C300&ssl=1 1.5x, https:\/\/i0.wp.com\/lossokeita.com\/wp-content\/uploads\/2019\/07\/kanazoe-yes-1.jpg?resize=700%2C400&ssl=1 2x"},"classes":[]},{"id":3,"url":"https:\/\/lossokeita.com\/index.php\/politique-de-confidentialite\/","url_meta":{"origin":30,"position":1},"title":"Politique de confidentialit\u00e9","author":"admin4716","date":"26 mars 2019","format":false,"excerpt":"Qui sommes-nous\u00a0? L\u2019adresse de notre site Web est\u00a0: http:\/\/lossokeita.com. Utilisation des donn\u00e9es personnelles collect\u00e9es Commentaires Quand vous laissez un commentaire sur notre site web, les donn\u00e9es inscrites dans le formulaire de commentaire, mais aussi votre adresse IP et l\u2019agent utilisateur de votre navigateur sont collect\u00e9s pour nous aider \u00e0 la\u2026","rel":"","context":"Article similaire","block_context":{"text":"Article similaire","link":""},"img":{"alt_text":"","src":"","width":0,"height":0},"classes":[]}],"_links":{"self":[{"href":"https:\/\/lossokeita.com\/index.php\/wp-json\/wp\/v2\/pages\/30"}],"collection":[{"href":"https:\/\/lossokeita.com\/index.php\/wp-json\/wp\/v2\/pages"}],"about":[{"href":"https:\/\/lossokeita.com\/index.php\/wp-json\/wp\/v2\/types\/page"}],"author":[{"embeddable":true,"href":"https:\/\/lossokeita.com\/index.php\/wp-json\/wp\/v2\/users\/1"}],"replies":[{"embeddable":true,"href":"https:\/\/lossokeita.com\/index.php\/wp-json\/wp\/v2\/comments?post=30"}],"version-history":[{"count":10,"href":"https:\/\/lossokeita.com\/index.php\/wp-json\/wp\/v2\/pages\/30\/revisions"}],"predecessor-version":[{"id":194,"href":"https:\/\/lossokeita.com\/index.php\/wp-json\/wp\/v2\/pages\/30\/revisions\/194"}],"wp:attachment":[{"href":"https:\/\/lossokeita.com\/index.php\/wp-json\/wp\/v2\/media?parent=30"}],"curies":[{"name":"wp","href":"https:\/\/api.w.org\/{rel}","templated":true}]}}