{"id":33,"date":"2019-04-03T22:09:14","date_gmt":"2019-04-03T20:09:14","guid":{"rendered":"https:\/\/lossokeita.com\/?page_id=33"},"modified":"2019-05-19T02:19:24","modified_gmt":"2019-05-19T00:19:24","slug":"videos","status":"publish","type":"page","link":"https:\/\/lossokeita.com\/index.php\/videos\/","title":{"rendered":"Vid\u00e9os"},"content":{"rendered":"<p><span class=\"embed-youtube\" style=\"text-align:center; display: block;\"><iframe loading=\"lazy\" class=\"youtube-player\" width=\"525\" height=\"296\" src=\"https:\/\/www.youtube.com\/embed\/46Lerjws_WU?version=3&#038;rel=1&#038;showsearch=0&#038;showinfo=1&#038;iv_load_policy=1&#038;fs=1&#038;hl=fr-FR&#038;autohide=2&#038;wmode=transparent\" allowfullscreen=\"true\" style=\"border:0;\" sandbox=\"allow-scripts allow-same-origin allow-popups allow-presentation\"><\/iframe><\/span><\/p>\n<p><span class=\"embed-youtube\" style=\"text-align:center; display: block;\"><iframe loading=\"lazy\" class=\"youtube-player\" width=\"525\" height=\"296\" src=\"https:\/\/www.youtube.com\/embed\/fWTZey06vgY?version=3&#038;rel=1&#038;showsearch=0&#038;showinfo=1&#038;iv_load_policy=1&#038;fs=1&#038;hl=fr-FR&#038;autohide=2&#038;wmode=transparent\" allowfullscreen=\"true\" style=\"border:0;\" sandbox=\"allow-scripts allow-same-origin allow-popups allow-presentation\"><\/iframe><\/span><\/p>\n<p><span class=\"embed-youtube\" style=\"text-align:center; display: block;\"><iframe loading=\"lazy\" class=\"youtube-player\" width=\"525\" height=\"296\" src=\"https:\/\/www.youtube.com\/embed\/HbDeSvFp9mo?version=3&#038;rel=1&#038;showsearch=0&#038;showinfo=1&#038;iv_load_policy=1&#038;fs=1&#038;hl=fr-FR&#038;autohide=2&#038;wmode=transparent\" allowfullscreen=\"true\" style=\"border:0;\" sandbox=\"allow-scripts allow-same-origin allow-popups allow-presentation\"><\/iframe><\/span><\/p>\n<p><span class=\"embed-youtube\" style=\"text-align:center; display: block;\"><iframe loading=\"lazy\" class=\"youtube-player\" width=\"525\" height=\"296\" src=\"https:\/\/www.youtube.com\/embed\/--Vuv4qkr0U?version=3&#038;rel=1&#038;showsearch=0&#038;showinfo=1&#038;iv_load_policy=1&#038;fs=1&#038;hl=fr-FR&#038;autohide=2&#038;wmode=transparent\" allowfullscreen=\"true\" style=\"border:0;\" sandbox=\"allow-scripts allow-same-origin allow-popups allow-presentation\"><\/iframe><\/span><\/p>\n<p><span class=\"embed-youtube\" style=\"text-align:center; display: block;\"><iframe loading=\"lazy\" class=\"youtube-player\" width=\"525\" height=\"296\" src=\"https:\/\/www.youtube.com\/embed\/j84Qa-Jli0s?version=3&#038;rel=1&#038;showsearch=0&#038;showinfo=1&#038;iv_load_policy=1&#038;fs=1&#038;hl=fr-FR&#038;autohide=2&#038;wmode=transparent\" allowfullscreen=\"true\" style=\"border:0;\" sandbox=\"allow-scripts allow-same-origin allow-popups allow-presentation\"><\/iframe><\/span><\/p>\n<p><span class=\"embed-youtube\" style=\"text-align:center; display: block;\"><iframe loading=\"lazy\" class=\"youtube-player\" width=\"525\" height=\"296\" src=\"https:\/\/www.youtube.com\/embed\/ogM5jknRrxU?version=3&#038;rel=1&#038;showsearch=0&#038;showinfo=1&#038;iv_load_policy=1&#038;fs=1&#038;hl=fr-FR&#038;autohide=2&#038;wmode=transparent\" allowfullscreen=\"true\" style=\"border:0;\" sandbox=\"allow-scripts allow-same-origin allow-popups allow-presentation\"><\/iframe><\/span><\/p>\n<p><span class=\"embed-youtube\" style=\"text-align:center; display: block;\"><iframe loading=\"lazy\" class=\"youtube-player\" width=\"525\" height=\"296\" src=\"https:\/\/www.youtube.com\/embed\/VS-hXaRGTqs?version=3&#038;rel=1&#038;showsearch=0&#038;showinfo=1&#038;iv_load_policy=1&#038;fs=1&#038;hl=fr-FR&#038;autohide=2&#038;wmode=transparent\" allowfullscreen=\"true\" style=\"border:0;\" sandbox=\"allow-scripts allow-same-origin allow-popups allow-presentation\"><\/iframe><\/span><\/p>\n<p><span class=\"embed-youtube\" style=\"text-align:center; display: block;\"><iframe loading=\"lazy\" class=\"youtube-player\" width=\"525\" height=\"296\" src=\"https:\/\/www.youtube.com\/embed\/bYV5wI7dflE?version=3&#038;rel=1&#038;showsearch=0&#038;showinfo=1&#038;iv_load_policy=1&#038;fs=1&#038;hl=fr-FR&#038;autohide=2&#038;wmode=transparent\" allowfullscreen=\"true\" style=\"border:0;\" sandbox=\"allow-scripts allow-same-origin allow-popups allow-presentation\"><\/iframe><\/span><\/p>\n","protected":false},"excerpt":{"rendered":"","protected":false},"author":1,"featured_media":0,"parent":0,"menu_order":0,"comment_status":"closed","ping_status":"closed","template":"","meta":{"_mi_skip_tracking":false,"_monsterinsights_skip_tracking":false,"_monsterinsights_sitenote_active":false,"_monsterinsights_sitenote_note":"","_monsterinsights_sitenote_category":0,"jetpack_post_was_ever_published":false},"yoast_head":"<!-- This site is optimized with the Yoast SEO plugin v21.1 - https:\/\/yoast.com\/wordpress\/plugins\/seo\/ -->\n<title>Vid\u00e9os &#8902; Losso Keita<\/title>\n<meta name=\"robots\" content=\"index, follow, max-snippet:-1, max-image-preview:large, max-video-preview:-1\" \/>\n<link rel=\"canonical\" href=\"https:\/\/lossokeita.com\/index.php\/videos\/\" \/>\n<meta property=\"og:locale\" content=\"fr_FR\" \/>\n<meta property=\"og:type\" content=\"article\" \/>\n<meta property=\"og:title\" content=\"Vid\u00e9os &#8902; Losso Keita\" \/>\n<meta property=\"og:url\" content=\"https:\/\/lossokeita.com\/index.php\/videos\/\" \/>\n<meta property=\"og:site_name\" content=\"Losso Keita\" \/>\n<meta property=\"article:publisher\" content=\"https:\/\/www.facebook.com\/Losso-Ke%c3%afta-2063357723746676\/?modal=admin_todo_tour\" \/>\n<meta property=\"article:modified_time\" content=\"2019-05-19T00:19:24+00:00\" \/>\n<meta property=\"og:image\" content=\"https:\/\/i0.wp.com\/lossokeita.com\/wp-content\/uploads\/2019\/03\/tama-3-e1578837746337.jpg?fit=480%2C478&ssl=1\" \/>\n\t<meta property=\"og:image:width\" content=\"480\" \/>\n\t<meta property=\"og:image:height\" content=\"478\" \/>\n\t<meta property=\"og:image:type\" content=\"image\/jpeg\" \/>\n<meta name=\"twitter:card\" content=\"summary_large_image\" \/>\n<script type=\"application\/ld+json\" class=\"yoast-schema-graph\">{\"@context\":\"https:\/\/schema.org\",\"@graph\":[{\"@type\":\"WebPage\",\"@id\":\"https:\/\/lossokeita.com\/index.php\/videos\/\",\"url\":\"https:\/\/lossokeita.com\/index.php\/videos\/\",\"name\":\"Vid\u00e9os &#8902; Losso Keita\",\"isPartOf\":{\"@id\":\"https:\/\/lossokeita.com\/#website\"},\"datePublished\":\"2019-04-03T20:09:14+00:00\",\"dateModified\":\"2019-05-19T00:19:24+00:00\",\"breadcrumb\":{\"@id\":\"https:\/\/lossokeita.com\/index.php\/videos\/#breadcrumb\"},\"inLanguage\":\"fr-FR\",\"potentialAction\":[{\"@type\":\"ReadAction\",\"target\":[\"https:\/\/lossokeita.com\/index.php\/videos\/\"]}]},{\"@type\":\"BreadcrumbList\",\"@id\":\"https:\/\/lossokeita.com\/index.php\/videos\/#breadcrumb\",\"itemListElement\":[{\"@type\":\"ListItem\",\"position\":1,\"name\":\"Accueil\",\"item\":\"https:\/\/lossokeita.com\/\"},{\"@type\":\"ListItem\",\"position\":2,\"name\":\"Vid\u00e9os\"}]},{\"@type\":\"WebSite\",\"@id\":\"https:\/\/lossokeita.com\/#website\",\"url\":\"https:\/\/lossokeita.com\/\",\"name\":\"lossokeita.com\",\"description\":\"Voix d&#039;or du Burkina Faso\",\"publisher\":{\"@id\":\"https:\/\/lossokeita.com\/#organization\"},\"potentialAction\":[{\"@type\":\"SearchAction\",\"target\":{\"@type\":\"EntryPoint\",\"urlTemplate\":\"https:\/\/lossokeita.com\/?s={search_term_string}\"},\"query-input\":\"required name=search_term_string\"}],\"inLanguage\":\"fr-FR\"},{\"@type\":\"Organization\",\"@id\":\"https:\/\/lossokeita.com\/#organization\",\"name\":\"Losso Keita\",\"url\":\"https:\/\/lossokeita.com\/\",\"logo\":{\"@type\":\"ImageObject\",\"inLanguage\":\"fr-FR\",\"@id\":\"https:\/\/lossokeita.com\/#\/schema\/logo\/image\/\",\"url\":\"https:\/\/i0.wp.com\/lossokeita.com\/wp-content\/uploads\/2019\/03\/tama-3-e1578837746337.jpg?fit=480%2C478&ssl=1\",\"contentUrl\":\"https:\/\/i0.wp.com\/lossokeita.com\/wp-content\/uploads\/2019\/03\/tama-3-e1578837746337.jpg?fit=480%2C478&ssl=1\",\"width\":480,\"height\":478,\"caption\":\"Losso Keita\"},\"image\":{\"@id\":\"https:\/\/lossokeita.com\/#\/schema\/logo\/image\/\"},\"sameAs\":[\"https:\/\/www.facebook.com\/Losso-Ke\u00efta-2063357723746676\/?modal=admin_todo_tour\",\"https:\/\/www.youtube.com\/channel\/UC0yBfrazicGEkXHFdA1ktLQ?view_as=subscriber\"]}]}<\/script>\n<!-- \/ Yoast SEO plugin. -->","yoast_head_json":{"title":"Vid\u00e9os &#8902; Losso Keita","robots":{"index":"index","follow":"follow","max-snippet":"max-snippet:-1","max-image-preview":"max-image-preview:large","max-video-preview":"max-video-preview:-1"},"canonical":"https:\/\/lossokeita.com\/index.php\/videos\/","og_locale":"fr_FR","og_type":"article","og_title":"Vid\u00e9os &#8902; Losso Keita","og_url":"https:\/\/lossokeita.com\/index.php\/videos\/","og_site_name":"Losso Keita","article_publisher":"https:\/\/www.facebook.com\/Losso-Ke%c3%afta-2063357723746676\/?modal=admin_todo_tour","article_modified_time":"2019-05-19T00:19:24+00:00","og_image":[{"width":480,"height":478,"url":"https:\/\/i0.wp.com\/lossokeita.com\/wp-content\/uploads\/2019\/03\/tama-3-e1578837746337.jpg?fit=480%2C478&ssl=1","type":"image\/jpeg"}],"twitter_card":"summary_large_image","schema":{"@context":"https:\/\/schema.org","@graph":[{"@type":"WebPage","@id":"https:\/\/lossokeita.com\/index.php\/videos\/","url":"https:\/\/lossokeita.com\/index.php\/videos\/","name":"Vid\u00e9os &#8902; Losso Keita","isPartOf":{"@id":"https:\/\/lossokeita.com\/#website"},"datePublished":"2019-04-03T20:09:14+00:00","dateModified":"2019-05-19T00:19:24+00:00","breadcrumb":{"@id":"https:\/\/lossokeita.com\/index.php\/videos\/#breadcrumb"},"inLanguage":"fr-FR","potentialAction":[{"@type":"ReadAction","target":["https:\/\/lossokeita.com\/index.php\/videos\/"]}]},{"@type":"BreadcrumbList","@id":"https:\/\/lossokeita.com\/index.php\/videos\/#breadcrumb","itemListElement":[{"@type":"ListItem","position":1,"name":"Accueil","item":"https:\/\/lossokeita.com\/"},{"@type":"ListItem","position":2,"name":"Vid\u00e9os"}]},{"@type":"WebSite","@id":"https:\/\/lossokeita.com\/#website","url":"https:\/\/lossokeita.com\/","name":"lossokeita.com","description":"Voix d&#039;or du Burkina Faso","publisher":{"@id":"https:\/\/lossokeita.com\/#organization"},"potentialAction":[{"@type":"SearchAction","target":{"@type":"EntryPoint","urlTemplate":"https:\/\/lossokeita.com\/?s={search_term_string}"},"query-input":"required name=search_term_string"}],"inLanguage":"fr-FR"},{"@type":"Organization","@id":"https:\/\/lossokeita.com\/#organization","name":"Losso Keita","url":"https:\/\/lossokeita.com\/","logo":{"@type":"ImageObject","inLanguage":"fr-FR","@id":"https:\/\/lossokeita.com\/#\/schema\/logo\/image\/","url":"https:\/\/i0.wp.com\/lossokeita.com\/wp-content\/uploads\/2019\/03\/tama-3-e1578837746337.jpg?fit=480%2C478&ssl=1","contentUrl":"https:\/\/i0.wp.com\/lossokeita.com\/wp-content\/uploads\/2019\/03\/tama-3-e1578837746337.jpg?fit=480%2C478&ssl=1","width":480,"height":478,"caption":"Losso Keita"},"image":{"@id":"https:\/\/lossokeita.com\/#\/schema\/logo\/image\/"},"sameAs":["https:\/\/www.facebook.com\/Losso-Ke\u00efta-2063357723746676\/?modal=admin_todo_tour","https:\/\/www.youtube.com\/channel\/UC0yBfrazicGEkXHFdA1ktLQ?view_as=subscriber"]}]}},"jetpack_sharing_enabled":true,"jetpack_shortlink":"https:\/\/wp.me\/PaQV5x-x","jetpack-related-posts":[{"id":212,"url":"https:\/\/lossokeita.com\/index.php\/yele\/","url_meta":{"origin":33,"position":0},"title":"Yel\u00e9","author":"admin4716","date":"1 f\u00e9vrier 2020","format":false,"excerpt":"https:\/\/www.youtube.com\/watch?v=NUMb08aX-KoYel\u00e9 est un trio in\u00e9dit qui vibre au son du didjeridoo d'Eliah Jasper, la guitare basse d'Isaac Koffi et le N'goni et la voix de Losso Keita.Yel\u00e9 remporte le templin du festival Africajarc et cl\u00f4ture l'\u00e9dition 2017 sur la grande sc\u00e8ne avec une version inoubliable de Diminiba soutenue par l'envoutante\u2026","rel":"","context":"Article similaire","block_context":{"text":"Article similaire","link":""},"img":{"alt_text":"","src":"","width":0,"height":0},"classes":[]},{"id":1914,"url":"https:\/\/lossokeita.com\/index.php\/jerome-jouannic-et-les-papas-gombos\/","url_meta":{"origin":33,"position":1},"title":"J\u00e9r\u00f4me Jouannic et les Papas Gombos","author":"admin4716","date":"26 mars 2023","format":false,"excerpt":"Port\u00e9 par J\u00e9r\u00f4me Jouannic, batteur, compositeur et multi-instrumentiste val d'oisien amoureux des musiques africaines, ce projet r\u00e9unit plusieurs musiciens Burkinab\u00e9s. Au chant: Losso Ke\u00efta!https:\/\/www.jeromejouannic.com\/https:\/\/youtu.be\/Yx6wteyFlJk Facebook Instagram Youtube Spotify Music Amazon Deezer https:\/\/youtu.be\/k-QY039BiBc","rel":"","context":"Article similaire","block_context":{"text":"Article similaire","link":""},"img":{"alt_text":"","src":"https:\/\/i0.wp.com\/lossokeita.com\/wp-content\/uploads\/2023\/03\/278571730_376210391089998_6378648342648204597_n.jpg?resize=350%2C200&ssl=1","width":350,"height":200,"srcset":"https:\/\/i0.wp.com\/lossokeita.com\/wp-content\/uploads\/2023\/03\/278571730_376210391089998_6378648342648204597_n.jpg?resize=350%2C200&ssl=1 1x, https:\/\/i0.wp.com\/lossokeita.com\/wp-content\/uploads\/2023\/03\/278571730_376210391089998_6378648342648204597_n.jpg?resize=525%2C300&ssl=1 1.5x"},"classes":[]},{"id":1029,"url":"https:\/\/lossokeita.com\/index.php\/losso-keita-en-quelques-clics\/","url_meta":{"origin":33,"position":2},"title":"Losso Ke\u00efta en quelques clics&#8230;","author":"admin4716","date":"13 octobre 2021","format":false,"excerpt":"Accueil du site www.LossoKeita.com https:\/\/youtu.be\/NUMb08aX-Ko","rel":"","context":"Article similaire","block_context":{"text":"Article similaire","link":""},"img":{"alt_text":"","src":"https:\/\/i0.wp.com\/img.youtube.com\/vi\/NUMb08aX-Ko\/0.jpg?resize=350%2C200","width":350,"height":200},"classes":[]},{"id":29,"url":"https:\/\/lossokeita.com\/index.php\/actualites\/","url_meta":{"origin":33,"position":3},"title":"Actualit\u00e9s","author":"admin4716","date":"3 avril 2019","format":false,"excerpt":"Avec Na\u00e2man: show au Z\u00e9nith de Paris le 22\/10\/22 Maputo et Cheer up sont deux titres de l'album Temple Road de Na\u00e2man o\u00f9 on retrouve Losso\u00a0Ke\u00efta respectivement \u00e0 la voix et au goni. https:\/\/youtu.be\/8e0AC3yZ16Uhttps:\/\/youtu.be\/TdL73SZUoW0https:\/\/youtu.be\/JQIs-5QA9N0","rel":"","context":"Article similaire","block_context":{"text":"Article similaire","link":""},"img":{"alt_text":"","src":"https:\/\/i0.wp.com\/lossokeita.com\/wp-content\/uploads\/2022\/12\/Photo-Collage-Zenith-1-1024x819.png?resize=350%2C200&ssl=1","width":350,"height":200,"srcset":"https:\/\/i0.wp.com\/lossokeita.com\/wp-content\/uploads\/2022\/12\/Photo-Collage-Zenith-1-1024x819.png?resize=350%2C200&ssl=1 1x, https:\/\/i0.wp.com\/lossokeita.com\/wp-content\/uploads\/2022\/12\/Photo-Collage-Zenith-1-1024x819.png?resize=525%2C300&ssl=1 1.5x"},"classes":[]},{"id":961,"url":"https:\/\/lossokeita.com\/index.php\/diya\/","url_meta":{"origin":33,"position":4},"title":"Diya","author":"admin4716","date":"23 septembre 2021","format":false,"excerpt":"Salif Diarra vous emm\u00e8ne avec son groupe Diya form\u00e9 \u00e0 Angoul\u00eame.Les racines Bwaba de ce griot Burkinab\u00e9 porte une musique qui vous donne du peps.Joie partag\u00e9e avec ces acolytes et communiqu\u00e9e au public qui en redemande!https:\/\/lossokeita.com\/wp-content\/uploads\/2021\/09\/WhatsApp-Video-2021-09-14-at-00.41.21.mp4 Cliquez ici pour d\u00e9couvrir le groupe lors d'une live session mis en sc\u00e8ne \u00e0\u2026","rel":"","context":"Article similaire","block_context":{"text":"Article similaire","link":""},"img":{"alt_text":"","src":"https:\/\/i0.wp.com\/lossokeita.com\/wp-content\/uploads\/2021\/09\/salif-nef-200x300.jpg?resize=350%2C200&ssl=1","width":350,"height":200},"classes":[]},{"id":1436,"url":"https:\/\/lossokeita.com\/index.php\/lhomme-des-reves-et-son-goni\/","url_meta":{"origin":33,"position":5},"title":"L&rsquo;homme des r\u00eaves et son goni","author":"admin4716","date":"7 juin 2022","format":false,"excerpt":"Un conte musical tout public https:\/\/youtu.be\/LWXvylHl3R8Un moment intime, o\u00f9 voix et po\u00e9sie font vibrer les c\u0153urs.Celui qui rallume les \u00e9toiles perdues, vous emporte en musique pour voyager \u00e0 travers un conte inspir\u00e9 par sa tradition d'Afrique de l'Ouest. De son enfance au sein de l\u2019ethnie Bwaba, l\u2019auteur transmet la magie\u2026","rel":"","context":"Article similaire","block_context":{"text":"Article similaire","link":""},"img":{"alt_text":"","src":"https:\/\/i0.wp.com\/lossokeita.com\/wp-content\/uploads\/2022\/06\/affiche-Lenaic.jpg?resize=350%2C200&ssl=1","width":350,"height":200,"srcset":"https:\/\/i0.wp.com\/lossokeita.com\/wp-content\/uploads\/2022\/06\/affiche-Lenaic.jpg?resize=350%2C200&ssl=1 1x, https:\/\/i0.wp.com\/lossokeita.com\/wp-content\/uploads\/2022\/06\/affiche-Lenaic.jpg?resize=525%2C300&ssl=1 1.5x, https:\/\/i0.wp.com\/lossokeita.com\/wp-content\/uploads\/2022\/06\/affiche-Lenaic.jpg?resize=700%2C400&ssl=1 2x"},"classes":[]}],"_links":{"self":[{"href":"https:\/\/lossokeita.com\/index.php\/wp-json\/wp\/v2\/pages\/33"}],"collection":[{"href":"https:\/\/lossokeita.com\/index.php\/wp-json\/wp\/v2\/pages"}],"about":[{"href":"https:\/\/lossokeita.com\/index.php\/wp-json\/wp\/v2\/types\/page"}],"author":[{"embeddable":true,"href":"https:\/\/lossokeita.com\/index.php\/wp-json\/wp\/v2\/users\/1"}],"replies":[{"embeddable":true,"href":"https:\/\/lossokeita.com\/index.php\/wp-json\/wp\/v2\/comments?post=33"}],"version-history":[{"count":4,"href":"https:\/\/lossokeita.com\/index.php\/wp-json\/wp\/v2\/pages\/33\/revisions"}],"predecessor-version":[{"id":75,"href":"https:\/\/lossokeita.com\/index.php\/wp-json\/wp\/v2\/pages\/33\/revisions\/75"}],"wp:attachment":[{"href":"https:\/\/lossokeita.com\/index.php\/wp-json\/wp\/v2\/media?parent=33"}],"curies":[{"name":"wp","href":"https:\/\/api.w.org\/{rel}","templated":true}]}}