{"id":35,"date":"2019-04-03T22:09:14","date_gmt":"2019-04-03T20:09:14","guid":{"rendered":"https:\/\/lossokeita.com\/?page_id=35"},"modified":"2020-01-12T16:02:48","modified_gmt":"2020-01-12T15:02:48","slug":"contact","status":"publish","type":"page","link":"https:\/\/lossokeita.com\/index.php\/contact\/","title":{"rendered":"Contact"},"content":{"rendered":"\t\t<div data-elementor-type=\"wp-post\" data-elementor-id=\"35\" class=\"elementor elementor-35\">\n\t\t\t\t\t\t\t\t\t<section class=\"elementor-section elementor-top-section elementor-element elementor-element-5a4b8796 elementor-section-boxed elementor-section-height-default elementor-section-height-default\" data-id=\"5a4b8796\" data-element_type=\"section\">\n\t\t\t\t\t\t<div class=\"elementor-container elementor-column-gap-default\">\n\t\t\t\t\t<div class=\"elementor-column elementor-col-100 elementor-top-column elementor-element elementor-element-e67bd2f\" data-id=\"e67bd2f\" data-element_type=\"column\">\n\t\t\t<div class=\"elementor-widget-wrap elementor-element-populated\">\n\t\t\t\t\t\t\t\t<div class=\"elementor-element elementor-element-78dff9f3 elementor-widget elementor-widget-shortcode\" data-id=\"78dff9f3\" data-element_type=\"widget\" data-widget_type=\"shortcode.default\">\n\t\t\t\t<div class=\"elementor-widget-container\">\n\t\t\t\t\t<div class=\"elementor-shortcode\"><div data-test='contact-form' id='contact-form-35' class='wp-block-jetpack-contact-form-container '>\n<form action='https:\/\/lossokeita.com\/index.php\/contact\/#contact-form-35' method='post' class='contact-form commentsblock'>\n<script>\n\t\t\t( function () {\n\t\t\t\tconst contact_forms = document.getElementsByClassName('contact-form');\n\n\t\t\t\tfor ( const form of contact_forms ) {\n\t\t\t\t\tform.onsubmit = function() {\n\t\t\t\t\t\tconst buttons = form.getElementsByTagName('button');\n\n\t\t\t\t\t\tfor( const button of buttons ) {\n\t\t\t\t\t\t\tbutton.setAttribute('disabled', true);\n\t\t\t\t\t\t}\n\t\t\t\t\t}\n\t\t\t\t}\n\t\t\t} )();\n\t\t<\/script>\n<div style=\"\" class='grunion-field-name-wrap grunion-field-wrap'  >\n<label\n\t\t\t\tfor='g35-nom'\n\t\t\t\tclass='grunion-field-label name'>Nom<span>(obligatoire)<\/span><\/label>\n<input\n\t\t\t\t\ttype='text'\n\t\t\t\t\tname='g35-nom'\n\t\t\t\t\tid='g35-nom'\n\t\t\t\t\tvalue=''\n\t\t\t\t\tclass='name  grunion-field' \n\t\t\t\t\trequired aria-required='true' \/>\n\t<\/div>\n\n<div style=\"\" class='grunion-field-email-wrap grunion-field-wrap'  >\n<label\n\t\t\t\tfor='g35-email'\n\t\t\t\tclass='grunion-field-label email'>E-mail<span>(obligatoire)<\/span><\/label>\n<input\n\t\t\t\t\ttype='email'\n\t\t\t\t\tname='g35-email'\n\t\t\t\t\tid='g35-email'\n\t\t\t\t\tvalue=''\n\t\t\t\t\tclass='email  grunion-field' \n\t\t\t\t\trequired aria-required='true' \/>\n\t<\/div>\n\n<div style=\"\" class='grunion-field-url-wrap grunion-field-wrap'  >\n<label\n\t\t\t\tfor='g35-siteweb'\n\t\t\t\tclass='grunion-field-label url'>Site Web<\/label>\n<input\n\t\t\t\t\ttype='text'\n\t\t\t\t\tname='g35-siteweb'\n\t\t\t\t\tid='g35-siteweb'\n\t\t\t\t\tvalue=''\n\t\t\t\t\tclass='url  grunion-field' \n\t\t\t\t\ttitle=\"Veuillez saisir une URL valide - https:\/\/www.exemple.fr\" oninvalid=\"setCustomValidity(&quot;Veuillez saisir une URL valide - https:\/\/www.exemple.fr&quot;)\" oninput=\"setCustomValidity(&quot;&quot;)\" pattern=\"(([:\\\/a-zA-Z0-9_\\-]+)?(\\.[a-zA-Z0-9_\\-\\\/]+)+)\" data-type-override=\"url\"  \/>\n\t<\/div>\n\n<div style=\"\" class='grunion-field-textarea-wrap grunion-field-wrap'  >\n<label\n\t\t\t\tfor='contact-form-comment-g35-commentaire'\n\t\t\t\tclass='grunion-field-label textarea'>Commentaire<span>(obligatoire)<\/span><\/label>\n<textarea\n\t\t                style=''\n\t\t                name='g35-commentaire'\n\t\t                id='contact-form-comment-g35-commentaire'\n\t\t                rows='20' class='textarea  grunion-field'  required aria-required='true'><\/textarea>\n\t<\/div>\n\t<p class='contact-submit'>\n\t\t<button type='submit' class='pushbutton-wide'>Envoyer<\/button>\t\t<input type='hidden' name='contact-form-id' value='35' \/>\n\t\t<input type='hidden' name='action' value='grunion-contact-form' \/>\n\t\t<input type='hidden' name='contact-form-hash' value='8f213a74fe138d6c097e90d0e51b404aad670b3d' \/>\n\t<\/p>\n<p style=\"display: none !important;\" class=\"akismet-fields-container\" data-prefix=\"ak_\"><label>&#916;<textarea name=\"ak_hp_textarea\" cols=\"45\" rows=\"8\" maxlength=\"100\"><\/textarea><\/label><input type=\"hidden\" id=\"ak_js_1\" name=\"ak_js\" value=\"133\"\/><script>document.getElementById( \"ak_js_1\" ).setAttribute( \"value\", ( new Date() ).getTime() );<\/script><\/p><\/form>\n<\/div><\/div>\n\t\t\t\t<\/div>\n\t\t\t\t<\/div>\n\t\t\t\t\t<\/div>\n\t\t<\/div>\n\t\t\t\t\t\t\t<\/div>\n\t\t<\/section>\n\t\t\t\t\t\t\t<\/div>\n\t\t","protected":false},"excerpt":{"rendered":"","protected":false},"author":1,"featured_media":0,"parent":0,"menu_order":0,"comment_status":"closed","ping_status":"closed","template":"","meta":{"_mi_skip_tracking":false,"_monsterinsights_skip_tracking":false,"_monsterinsights_sitenote_active":false,"_monsterinsights_sitenote_note":"","_monsterinsights_sitenote_category":0,"jetpack_post_was_ever_published":false},"yoast_head":"<!-- This site is optimized with the Yoast SEO plugin v21.1 - https:\/\/yoast.com\/wordpress\/plugins\/seo\/ -->\n<title>Contact &#8902; Losso Keita<\/title>\n<meta name=\"robots\" content=\"index, follow, max-snippet:-1, max-image-preview:large, max-video-preview:-1\" \/>\n<link rel=\"canonical\" href=\"https:\/\/lossokeita.com\/index.php\/contact\/\" \/>\n<meta property=\"og:locale\" content=\"fr_FR\" \/>\n<meta property=\"og:type\" content=\"article\" \/>\n<meta property=\"og:title\" content=\"Contact &#8902; Losso Keita\" \/>\n<meta property=\"og:url\" content=\"https:\/\/lossokeita.com\/index.php\/contact\/\" \/>\n<meta property=\"og:site_name\" content=\"Losso Keita\" \/>\n<meta property=\"article:publisher\" content=\"https:\/\/www.facebook.com\/Losso-Ke%c3%afta-2063357723746676\/?modal=admin_todo_tour\" \/>\n<meta property=\"article:modified_time\" content=\"2020-01-12T15:02:48+00:00\" \/>\n<meta property=\"og:image\" content=\"https:\/\/i0.wp.com\/lossokeita.com\/wp-content\/uploads\/2019\/03\/tama-3-e1578837746337.jpg?fit=480%2C478&ssl=1\" \/>\n\t<meta property=\"og:image:width\" content=\"480\" \/>\n\t<meta property=\"og:image:height\" content=\"478\" \/>\n\t<meta property=\"og:image:type\" content=\"image\/jpeg\" \/>\n<meta name=\"twitter:card\" content=\"summary_large_image\" \/>\n<script type=\"application\/ld+json\" class=\"yoast-schema-graph\">{\"@context\":\"https:\/\/schema.org\",\"@graph\":[{\"@type\":\"WebPage\",\"@id\":\"https:\/\/lossokeita.com\/index.php\/contact\/\",\"url\":\"https:\/\/lossokeita.com\/index.php\/contact\/\",\"name\":\"Contact &#8902; Losso Keita\",\"isPartOf\":{\"@id\":\"https:\/\/lossokeita.com\/#website\"},\"datePublished\":\"2019-04-03T20:09:14+00:00\",\"dateModified\":\"2020-01-12T15:02:48+00:00\",\"breadcrumb\":{\"@id\":\"https:\/\/lossokeita.com\/index.php\/contact\/#breadcrumb\"},\"inLanguage\":\"fr-FR\",\"potentialAction\":[{\"@type\":\"ReadAction\",\"target\":[\"https:\/\/lossokeita.com\/index.php\/contact\/\"]}]},{\"@type\":\"BreadcrumbList\",\"@id\":\"https:\/\/lossokeita.com\/index.php\/contact\/#breadcrumb\",\"itemListElement\":[{\"@type\":\"ListItem\",\"position\":1,\"name\":\"Accueil\",\"item\":\"https:\/\/lossokeita.com\/\"},{\"@type\":\"ListItem\",\"position\":2,\"name\":\"Contact\"}]},{\"@type\":\"WebSite\",\"@id\":\"https:\/\/lossokeita.com\/#website\",\"url\":\"https:\/\/lossokeita.com\/\",\"name\":\"lossokeita.com\",\"description\":\"Voix d&#039;or du Burkina Faso\",\"publisher\":{\"@id\":\"https:\/\/lossokeita.com\/#organization\"},\"potentialAction\":[{\"@type\":\"SearchAction\",\"target\":{\"@type\":\"EntryPoint\",\"urlTemplate\":\"https:\/\/lossokeita.com\/?s={search_term_string}\"},\"query-input\":\"required name=search_term_string\"}],\"inLanguage\":\"fr-FR\"},{\"@type\":\"Organization\",\"@id\":\"https:\/\/lossokeita.com\/#organization\",\"name\":\"Losso Keita\",\"url\":\"https:\/\/lossokeita.com\/\",\"logo\":{\"@type\":\"ImageObject\",\"inLanguage\":\"fr-FR\",\"@id\":\"https:\/\/lossokeita.com\/#\/schema\/logo\/image\/\",\"url\":\"https:\/\/i0.wp.com\/lossokeita.com\/wp-content\/uploads\/2019\/03\/tama-3-e1578837746337.jpg?fit=480%2C478&ssl=1\",\"contentUrl\":\"https:\/\/i0.wp.com\/lossokeita.com\/wp-content\/uploads\/2019\/03\/tama-3-e1578837746337.jpg?fit=480%2C478&ssl=1\",\"width\":480,\"height\":478,\"caption\":\"Losso Keita\"},\"image\":{\"@id\":\"https:\/\/lossokeita.com\/#\/schema\/logo\/image\/\"},\"sameAs\":[\"https:\/\/www.facebook.com\/Losso-Ke\u00efta-2063357723746676\/?modal=admin_todo_tour\",\"https:\/\/www.youtube.com\/channel\/UC0yBfrazicGEkXHFdA1ktLQ?view_as=subscriber\"]}]}<\/script>\n<!-- \/ Yoast SEO plugin. -->","yoast_head_json":{"title":"Contact &#8902; Losso Keita","robots":{"index":"index","follow":"follow","max-snippet":"max-snippet:-1","max-image-preview":"max-image-preview:large","max-video-preview":"max-video-preview:-1"},"canonical":"https:\/\/lossokeita.com\/index.php\/contact\/","og_locale":"fr_FR","og_type":"article","og_title":"Contact &#8902; Losso Keita","og_url":"https:\/\/lossokeita.com\/index.php\/contact\/","og_site_name":"Losso Keita","article_publisher":"https:\/\/www.facebook.com\/Losso-Ke%c3%afta-2063357723746676\/?modal=admin_todo_tour","article_modified_time":"2020-01-12T15:02:48+00:00","og_image":[{"width":480,"height":478,"url":"https:\/\/i0.wp.com\/lossokeita.com\/wp-content\/uploads\/2019\/03\/tama-3-e1578837746337.jpg?fit=480%2C478&ssl=1","type":"image\/jpeg"}],"twitter_card":"summary_large_image","schema":{"@context":"https:\/\/schema.org","@graph":[{"@type":"WebPage","@id":"https:\/\/lossokeita.com\/index.php\/contact\/","url":"https:\/\/lossokeita.com\/index.php\/contact\/","name":"Contact &#8902; Losso Keita","isPartOf":{"@id":"https:\/\/lossokeita.com\/#website"},"datePublished":"2019-04-03T20:09:14+00:00","dateModified":"2020-01-12T15:02:48+00:00","breadcrumb":{"@id":"https:\/\/lossokeita.com\/index.php\/contact\/#breadcrumb"},"inLanguage":"fr-FR","potentialAction":[{"@type":"ReadAction","target":["https:\/\/lossokeita.com\/index.php\/contact\/"]}]},{"@type":"BreadcrumbList","@id":"https:\/\/lossokeita.com\/index.php\/contact\/#breadcrumb","itemListElement":[{"@type":"ListItem","position":1,"name":"Accueil","item":"https:\/\/lossokeita.com\/"},{"@type":"ListItem","position":2,"name":"Contact"}]},{"@type":"WebSite","@id":"https:\/\/lossokeita.com\/#website","url":"https:\/\/lossokeita.com\/","name":"lossokeita.com","description":"Voix d&#039;or du Burkina Faso","publisher":{"@id":"https:\/\/lossokeita.com\/#organization"},"potentialAction":[{"@type":"SearchAction","target":{"@type":"EntryPoint","urlTemplate":"https:\/\/lossokeita.com\/?s={search_term_string}"},"query-input":"required name=search_term_string"}],"inLanguage":"fr-FR"},{"@type":"Organization","@id":"https:\/\/lossokeita.com\/#organization","name":"Losso Keita","url":"https:\/\/lossokeita.com\/","logo":{"@type":"ImageObject","inLanguage":"fr-FR","@id":"https:\/\/lossokeita.com\/#\/schema\/logo\/image\/","url":"https:\/\/i0.wp.com\/lossokeita.com\/wp-content\/uploads\/2019\/03\/tama-3-e1578837746337.jpg?fit=480%2C478&ssl=1","contentUrl":"https:\/\/i0.wp.com\/lossokeita.com\/wp-content\/uploads\/2019\/03\/tama-3-e1578837746337.jpg?fit=480%2C478&ssl=1","width":480,"height":478,"caption":"Losso Keita"},"image":{"@id":"https:\/\/lossokeita.com\/#\/schema\/logo\/image\/"},"sameAs":["https:\/\/www.facebook.com\/Losso-Ke\u00efta-2063357723746676\/?modal=admin_todo_tour","https:\/\/www.youtube.com\/channel\/UC0yBfrazicGEkXHFdA1ktLQ?view_as=subscriber"]}]}},"jetpack_sharing_enabled":true,"jetpack_shortlink":"https:\/\/wp.me\/PaQV5x-z","jetpack-related-posts":[{"id":1436,"url":"https:\/\/lossokeita.com\/index.php\/lhomme-des-reves-et-son-goni\/","url_meta":{"origin":35,"position":0},"title":"L&rsquo;homme des r\u00eaves et son goni","author":"admin4716","date":"7 juin 2022","format":false,"excerpt":"Un conte musical tout public https:\/\/youtu.be\/LWXvylHl3R8Un moment intime, o\u00f9 voix et po\u00e9sie font vibrer les c\u0153urs.Celui qui rallume les \u00e9toiles perdues, vous emporte en musique pour voyager \u00e0 travers un conte inspir\u00e9 par sa tradition d'Afrique de l'Ouest. De son enfance au sein de l\u2019ethnie Bwaba, l\u2019auteur transmet la magie\u2026","rel":"","context":"Article similaire","block_context":{"text":"Article similaire","link":""},"img":{"alt_text":"","src":"https:\/\/i0.wp.com\/lossokeita.com\/wp-content\/uploads\/2022\/06\/affiche-Lenaic.jpg?resize=350%2C200&ssl=1","width":350,"height":200,"srcset":"https:\/\/i0.wp.com\/lossokeita.com\/wp-content\/uploads\/2022\/06\/affiche-Lenaic.jpg?resize=350%2C200&ssl=1 1x, https:\/\/i0.wp.com\/lossokeita.com\/wp-content\/uploads\/2022\/06\/affiche-Lenaic.jpg?resize=525%2C300&ssl=1 1.5x, https:\/\/i0.wp.com\/lossokeita.com\/wp-content\/uploads\/2022\/06\/affiche-Lenaic.jpg?resize=700%2C400&ssl=1 2x"},"classes":[]},{"id":3,"url":"https:\/\/lossokeita.com\/index.php\/politique-de-confidentialite\/","url_meta":{"origin":35,"position":1},"title":"Politique de confidentialit\u00e9","author":"admin4716","date":"26 mars 2019","format":false,"excerpt":"Qui sommes-nous\u00a0? L\u2019adresse de notre site Web est\u00a0: http:\/\/lossokeita.com. Utilisation des donn\u00e9es personnelles collect\u00e9es Commentaires Quand vous laissez un commentaire sur notre site web, les donn\u00e9es inscrites dans le formulaire de commentaire, mais aussi votre adresse IP et l\u2019agent utilisateur de votre navigateur sont collect\u00e9s pour nous aider \u00e0 la\u2026","rel":"","context":"Article similaire","block_context":{"text":"Article similaire","link":""},"img":{"alt_text":"","src":"","width":0,"height":0},"classes":[]},{"id":961,"url":"https:\/\/lossokeita.com\/index.php\/diya\/","url_meta":{"origin":35,"position":2},"title":"Diya","author":"admin4716","date":"23 septembre 2021","format":false,"excerpt":"Salif Diarra vous emm\u00e8ne avec son groupe Diya form\u00e9 \u00e0 Angoul\u00eame.Les racines Bwaba de ce griot Burkinab\u00e9 porte une musique qui vous donne du peps.Joie partag\u00e9e avec ces acolytes et communiqu\u00e9e au public qui en redemande!https:\/\/lossokeita.com\/wp-content\/uploads\/2021\/09\/WhatsApp-Video-2021-09-14-at-00.41.21.mp4 Cliquez ici pour d\u00e9couvrir le groupe lors d'une live session mis en sc\u00e8ne \u00e0\u2026","rel":"","context":"Article similaire","block_context":{"text":"Article similaire","link":""},"img":{"alt_text":"","src":"https:\/\/i0.wp.com\/lossokeita.com\/wp-content\/uploads\/2021\/09\/salif-nef-200x300.jpg?resize=350%2C200&ssl=1","width":350,"height":200},"classes":[]}],"_links":{"self":[{"href":"https:\/\/lossokeita.com\/index.php\/wp-json\/wp\/v2\/pages\/35"}],"collection":[{"href":"https:\/\/lossokeita.com\/index.php\/wp-json\/wp\/v2\/pages"}],"about":[{"href":"https:\/\/lossokeita.com\/index.php\/wp-json\/wp\/v2\/types\/page"}],"author":[{"embeddable":true,"href":"https:\/\/lossokeita.com\/index.php\/wp-json\/wp\/v2\/users\/1"}],"replies":[{"embeddable":true,"href":"https:\/\/lossokeita.com\/index.php\/wp-json\/wp\/v2\/comments?post=35"}],"version-history":[{"count":5,"href":"https:\/\/lossokeita.com\/index.php\/wp-json\/wp\/v2\/pages\/35\/revisions"}],"predecessor-version":[{"id":203,"href":"https:\/\/lossokeita.com\/index.php\/wp-json\/wp\/v2\/pages\/35\/revisions\/203"}],"wp:attachment":[{"href":"https:\/\/lossokeita.com\/index.php\/wp-json\/wp\/v2\/media?parent=35"}],"curies":[{"name":"wp","href":"https:\/\/api.w.org\/{rel}","templated":true}]}}